{"id":94,"date":"2023-07-20T14:48:57","date_gmt":"2023-07-20T14:48:57","guid":{"rendered":"https:\/\/autosibanez.com\/?page_id=94"},"modified":"2023-07-27T13:42:38","modified_gmt":"2023-07-27T13:42:38","slug":"electromecanica","status":"publish","type":"page","link":"https:\/\/autosibanez.com\/en\/mecanica-general\/electromecanica\/","title":{"rendered":"Electromechanical"},"content":{"rendered":"<div class=\"slider-wrapper relative\" id=\"slider-1973411505\" >\n    <div class=\"slider slider-nav-circle slider-nav-large slider-nav-light slider-style-normal\"\n        data-flickity-options='{            \"cellAlign\": \"center\",            \"imagesLoaded\": true,            \"lazyLoad\": 1,            \"freeScroll\": false,            \"wrapAround\": true,            \"autoPlay\": 6000,            \"pauseAutoPlayOnHover\" : true,            \"prevNextButtons\": true,            \"contain\" : true,            \"adaptiveHeight\" : true,            \"dragThreshold\" : 10,            \"percentPosition\": true,            \"pageDots\": true,            \"rightToLeft\": false,            \"draggable\": true,            \"selectedAttraction\": 0.1,            \"parallax\" : 0,            \"friction\": 0.6        }'\n        >\n        \n\n\n  <div class=\"banner has-hover\" id=\"banner-1384584849\">\n          <div class=\"banner-inner fill\">\n        <div class=\"banner-bg fill\" >\n            <div class=\"bg fill bg-fill\"><\/div>\n                                    \n                    <\/div>\n\t\t\n        <div class=\"banner-layers container\">\n            <div class=\"fill banner-link\"><\/div>            \n\n   <div id=\"text-box-1512089246\" class=\"text-box banner-layer x50 md-x50 lg-x50 y50 md-y50 lg-y50 res-text\">\n                                <div class=\"text-box-content text dark\">\n              \n              <div class=\"text-inner text-center\">\n                  \n\n<h1 class=\"uppercase\"><strong>ELECTROMEC\u00c1NICA<\/strong><\/h1>\n<h2>Expertos en Soluciones Electr\u00f3nicas y Mec\u00e1nicas<\/h2>\n\n              <\/div>\n           <\/div>\n                            \n<style>\n#text-box-1512089246 {\n  width: 100%;\n}\n#text-box-1512089246 .text-box-content {\n  font-size: 100%;\n}\n<\/style>\n    <\/div>\n \n\n        <\/div>\n      <\/div>\n\n            \n<style>\n#banner-1384584849 {\n  padding-top: 300px;\n}\n#banner-1384584849 .bg.bg-loaded {\n  background-image: url(https:\/\/autosibanez.com\/wp-content\/uploads\/2023\/07\/bandera-quaddros-01-01-01-1-1024x503.png);\n}\n<\/style>\n  <\/div>\n\n\n\n     <\/div>\n\n     <div class=\"loading-spin dark large centered\"><\/div>\n\n\t<\/div>\n\n\n<div class=\"row\"  id=\"row-1427614709\">\n\n\n\t<div id=\"col-1750037879\" class=\"col medium-6 small-12 large-6\"  >\n\t\t\t\t<div class=\"col-inner\"  >\n\t\t\t\n\t\t\t\n\n\t<div id=\"gap-1272761044\" class=\"gap-element clearfix\" style=\"display:block; height:auto;\">\n\t\t\n<style>\n#gap-1272761044 {\n  padding-top: 30px;\n}\n<\/style>\n\t<\/div>\n\t\n\n<h2>Servicio de Electromec\u00e1nica en Madrid<\/h2>\n<p>En Autos Iba\u00f1ez, te ofrecemos un completo servicio de electromec\u00e1nica en Madrid, donde combinamos nuestros conocimientos en electr\u00f3nica y mec\u00e1nica para brindarte soluciones integrales para tu veh\u00edculo. Nuestro equipo de especialistas altamente capacitados utiliza tecnolog\u00eda avanzada para diagnosticar y reparar eficientemente cualquier problema el\u00e9ctrico o mec\u00e1nico. Conf\u00eda en nosotros para mantener tu coche en \u00f3ptimas condiciones y asegurar un rendimiento impecable en la carretera.<\/p>\n\n\t\t<\/div>\n\t\t\t\t\t<\/div>\n\n\t\n\n\t<div id=\"col-70303111\" class=\"col medium-6 small-12 large-6\"  >\n\t\t\t\t<div class=\"col-inner\"  >\n\t\t\t\n\t\t\t\n\n\t<div class=\"img has-hover x md-x lg-x y md-y lg-y\" id=\"image_987418569\">\n\t\t\t\t\t\t\t\t<div class=\"img-inner dark\" >\n\t\t\t<img loading=\"lazy\" decoding=\"async\" width=\"1020\" height=\"765\" src=\"https:\/\/autosibanez.com\/wp-content\/uploads\/2023\/07\/reparacion-coches-clasicos-madrid-taller-coches-autos-ibanez-admision-y-estabilizadora-1024x768.jpg\" class=\"attachment-large size-large\" alt=\"\" srcset=\"https:\/\/autosibanez.com\/wp-content\/uploads\/2023\/07\/reparacion-coches-clasicos-madrid-taller-coches-autos-ibanez-admision-y-estabilizadora-1024x768.jpg 1024w, https:\/\/autosibanez.com\/wp-content\/uploads\/2023\/07\/reparacion-coches-clasicos-madrid-taller-coches-autos-ibanez-admision-y-estabilizadora-300x225.jpg 300w, https:\/\/autosibanez.com\/wp-content\/uploads\/2023\/07\/reparacion-coches-clasicos-madrid-taller-coches-autos-ibanez-admision-y-estabilizadora-768x576.jpg 768w, https:\/\/autosibanez.com\/wp-content\/uploads\/2023\/07\/reparacion-coches-clasicos-madrid-taller-coches-autos-ibanez-admision-y-estabilizadora-1536x1152.jpg 1536w, https:\/\/autosibanez.com\/wp-content\/uploads\/2023\/07\/reparacion-coches-clasicos-madrid-taller-coches-autos-ibanez-admision-y-estabilizadora.jpg 1600w\" sizes=\"auto, (max-width: 1020px) 100vw, 1020px\" \/>\t\t\t\t\t\t\n\t\t\t\t\t<\/div>\n\t\t\t\t\t\t\t\t\n<style>\n#image_987418569 {\n  width: 100%;\n}\n<\/style>\n\t<\/div>\n\t\n\n\n\t\t<\/div>\n\t\t\t\t\t<\/div>\n\n\t\n\n<\/div>\n<div class=\"row\"  id=\"row-1162762680\">\n\n\n\t<div id=\"col-947102003\" class=\"col medium-6 small-12 large-6\"  >\n\t\t\t\t<div class=\"col-inner\"  >\n\t\t\t\n\t\t\t\n\n\t<div class=\"img has-hover x md-x lg-x y md-y lg-y\" id=\"image_1243865300\">\n\t\t\t\t\t\t\t\t<div class=\"img-inner dark\" >\n\t\t\t<img loading=\"lazy\" decoding=\"async\" width=\"1020\" height=\"680\" src=\"https:\/\/autosibanez.com\/wp-content\/uploads\/2023\/07\/baterias-coches-sutos-ibanez-1024x683.jpg\" class=\"attachment-large size-large\" alt=\"\" srcset=\"https:\/\/autosibanez.com\/wp-content\/uploads\/2023\/07\/baterias-coches-sutos-ibanez-1024x683.jpg 1024w, https:\/\/autosibanez.com\/wp-content\/uploads\/2023\/07\/baterias-coches-sutos-ibanez-300x200.jpg 300w, https:\/\/autosibanez.com\/wp-content\/uploads\/2023\/07\/baterias-coches-sutos-ibanez-768x512.jpg 768w, https:\/\/autosibanez.com\/wp-content\/uploads\/2023\/07\/baterias-coches-sutos-ibanez.jpg 1200w\" sizes=\"auto, (max-width: 1020px) 100vw, 1020px\" \/>\t\t\t\t\t\t\n\t\t\t\t\t<\/div>\n\t\t\t\t\t\t\t\t\n<style>\n#image_1243865300 {\n  width: 100%;\n}\n<\/style>\n\t<\/div>\n\t\n\n\n\t\t<\/div>\n\t\t\t\t\t<\/div>\n\n\t\n\n\t<div id=\"col-1329217494\" class=\"col medium-6 small-12 large-6 small-col-first\"  >\n\t\t\t\t<div class=\"col-inner\"  >\n\t\t\t\n\t\t\t\n\n\t<div id=\"gap-1474349149\" class=\"gap-element clearfix\" style=\"display:block; height:auto;\">\n\t\t\n<style>\n#gap-1474349149 {\n  padding-top: 30px;\n}\n<\/style>\n\t<\/div>\n\t\n\n<h2>Expertos en Electromec\u00e1nica &#8211; Diagn\u00f3stico y Reparaci\u00f3n Precisa<\/h2>\n<p>\u00bfExperimentas problemas con la parte el\u00e9ctrica o mec\u00e1nica de tu coche? En Autos Iba\u00f1ez, nuestro servicio de electromec\u00e1nica est\u00e1 dise\u00f1ado para resolver cualquier inconveniente que afecte el funcionamiento de tu veh\u00edculo. Nuestro equipo especializado combina habilidades t\u00e9cnicas y experiencia para realizar un diagn\u00f3stico preciso y brindar soluciones r\u00e1pidas y efectivas. Descubre la confianza y eficiencia de nuestro servicio de electromec\u00e1nica y vuelve a disfrutar de una conducci\u00f3n sin preocupaciones.<\/p>\n\n\t\t<\/div>\n\t\t\t\t\t<\/div>\n\n\t\n\n<\/div>\n\t<div id=\"gap-1399672482\" class=\"gap-element clearfix\" style=\"display:block; height:auto;\">\n\t\t\n<style>\n#gap-1399672482 {\n  padding-top: 30px;\n}\n<\/style>\n\t<\/div>","protected":false},"excerpt":{"rendered":"","protected":false},"author":1,"featured_media":0,"parent":56,"menu_order":0,"comment_status":"closed","ping_status":"closed","template":"page-blank.php","meta":{"footnotes":""},"class_list":["post-94","page","type-page","status-publish","hentry"],"yoast_head":"<!-- This site is optimized with the Yoast SEO plugin v25.7 - https:\/\/yoast.com\/wordpress\/plugins\/seo\/ -->\n<title>Electromec\u00e1nica - Automoviles Iba\u00f1ez<\/title>\n<meta name=\"robots\" content=\"index, follow, max-snippet:-1, max-image-preview:large, max-video-preview:-1\" \/>\n<link rel=\"canonical\" href=\"https:\/\/autosibanez.com\/en\/mecanica-general\/electromecanica\/\" \/>\n<meta property=\"og:locale\" content=\"en_GB\" \/>\n<meta property=\"og:type\" content=\"article\" \/>\n<meta property=\"og:title\" content=\"Electromec\u00e1nica - Automoviles Iba\u00f1ez\" \/>\n<meta property=\"og:url\" content=\"https:\/\/autosibanez.com\/en\/mecanica-general\/electromecanica\/\" \/>\n<meta property=\"og:site_name\" content=\"Automoviles Iba\u00f1ez\" \/>\n<meta property=\"article:modified_time\" content=\"2023-07-27T13:42:38+00:00\" \/>\n<meta property=\"og:image\" content=\"https:\/\/autosibanez.com\/wp-content\/uploads\/2023\/07\/pngwing-1.png\" \/>\n\t<meta property=\"og:image:width\" content=\"745\" \/>\n\t<meta property=\"og:image:height\" content=\"392\" \/>\n\t<meta property=\"og:image:type\" content=\"image\/png\" \/>\n<meta name=\"twitter:card\" content=\"summary_large_image\" \/>\n<meta name=\"twitter:label1\" content=\"Estimated reading time\" \/>\n\t<meta name=\"twitter:data1\" content=\"1 minute\" \/>\n<script type=\"application\/ld+json\" class=\"yoast-schema-graph\">{\"@context\":\"https:\/\/schema.org\",\"@graph\":[{\"@type\":\"WebPage\",\"@id\":\"https:\/\/autosibanez.com\/mecanica-general\/electromecanica\/\",\"url\":\"https:\/\/autosibanez.com\/mecanica-general\/electromecanica\/\",\"name\":\"Electromec\u00e1nica - Automoviles Iba\u00f1ez\",\"isPartOf\":{\"@id\":\"https:\/\/autosibanez.com\/#website\"},\"datePublished\":\"2023-07-20T14:48:57+00:00\",\"dateModified\":\"2023-07-27T13:42:38+00:00\",\"breadcrumb\":{\"@id\":\"https:\/\/autosibanez.com\/mecanica-general\/electromecanica\/#breadcrumb\"},\"inLanguage\":\"en-GB\",\"potentialAction\":[{\"@type\":\"ReadAction\",\"target\":[\"https:\/\/autosibanez.com\/mecanica-general\/electromecanica\/\"]}]},{\"@type\":\"BreadcrumbList\",\"@id\":\"https:\/\/autosibanez.com\/mecanica-general\/electromecanica\/#breadcrumb\",\"itemListElement\":[{\"@type\":\"ListItem\",\"position\":1,\"name\":\"Portada\",\"item\":\"https:\/\/autosibanez.com\/\"},{\"@type\":\"ListItem\",\"position\":2,\"name\":\"Mec\u00e1nica general\",\"item\":\"https:\/\/autosibanez.com\/mecanica-general\/\"},{\"@type\":\"ListItem\",\"position\":3,\"name\":\"Electromec\u00e1nica\"}]},{\"@type\":\"WebSite\",\"@id\":\"https:\/\/autosibanez.com\/#website\",\"url\":\"https:\/\/autosibanez.com\/\",\"name\":\"Autom\u00f3viles Iba\u00f1ez - Taller de coches en Madrid\",\"description\":\"Autos Iba\u00f1ez Tu taller de coches de confianza en Madrid\",\"publisher\":{\"@id\":\"https:\/\/autosibanez.com\/#organization\"},\"alternateName\":\"Autos Iba\u00f1ez - Taller de coches en Madrid\",\"potentialAction\":[{\"@type\":\"SearchAction\",\"target\":{\"@type\":\"EntryPoint\",\"urlTemplate\":\"https:\/\/autosibanez.com\/?s={search_term_string}\"},\"query-input\":{\"@type\":\"PropertyValueSpecification\",\"valueRequired\":true,\"valueName\":\"search_term_string\"}}],\"inLanguage\":\"en-GB\"},{\"@type\":\"Organization\",\"@id\":\"https:\/\/autosibanez.com\/#organization\",\"name\":\"Autom\u00f3viles Iba\u00f1ez - Taller de coches en Madrid\",\"url\":\"https:\/\/autosibanez.com\/\",\"logo\":{\"@type\":\"ImageObject\",\"inLanguage\":\"en-GB\",\"@id\":\"https:\/\/autosibanez.com\/#\/schema\/logo\/image\/\",\"url\":\"https:\/\/autosibanez.com\/wp-content\/uploads\/2023\/07\/AUTOS-IBANEZ-LOGO-1.png\",\"contentUrl\":\"https:\/\/autosibanez.com\/wp-content\/uploads\/2023\/07\/AUTOS-IBANEZ-LOGO-1.png\",\"width\":276,\"height\":44,\"caption\":\"Autom\u00f3viles Iba\u00f1ez - Taller de coches en Madrid\"},\"image\":{\"@id\":\"https:\/\/autosibanez.com\/#\/schema\/logo\/image\/\"}}]}<\/script>\n<!-- \/ Yoast SEO plugin. -->","yoast_head_json":{"title":"Electromec\u00e1nica - Automoviles Iba\u00f1ez","robots":{"index":"index","follow":"follow","max-snippet":"max-snippet:-1","max-image-preview":"max-image-preview:large","max-video-preview":"max-video-preview:-1"},"canonical":"https:\/\/autosibanez.com\/en\/mecanica-general\/electromecanica\/","og_locale":"en_GB","og_type":"article","og_title":"Electromec\u00e1nica - Automoviles Iba\u00f1ez","og_url":"https:\/\/autosibanez.com\/en\/mecanica-general\/electromecanica\/","og_site_name":"Automoviles Iba\u00f1ez","article_modified_time":"2023-07-27T13:42:38+00:00","og_image":[{"width":745,"height":392,"url":"https:\/\/autosibanez.com\/wp-content\/uploads\/2023\/07\/pngwing-1.png","type":"image\/png"}],"twitter_card":"summary_large_image","twitter_misc":{"Estimated reading time":"1 minute"},"schema":{"@context":"https:\/\/schema.org","@graph":[{"@type":"WebPage","@id":"https:\/\/autosibanez.com\/mecanica-general\/electromecanica\/","url":"https:\/\/autosibanez.com\/mecanica-general\/electromecanica\/","name":"Electromec\u00e1nica - Automoviles Iba\u00f1ez","isPartOf":{"@id":"https:\/\/autosibanez.com\/#website"},"datePublished":"2023-07-20T14:48:57+00:00","dateModified":"2023-07-27T13:42:38+00:00","breadcrumb":{"@id":"https:\/\/autosibanez.com\/mecanica-general\/electromecanica\/#breadcrumb"},"inLanguage":"en-GB","potentialAction":[{"@type":"ReadAction","target":["https:\/\/autosibanez.com\/mecanica-general\/electromecanica\/"]}]},{"@type":"BreadcrumbList","@id":"https:\/\/autosibanez.com\/mecanica-general\/electromecanica\/#breadcrumb","itemListElement":[{"@type":"ListItem","position":1,"name":"Portada","item":"https:\/\/autosibanez.com\/"},{"@type":"ListItem","position":2,"name":"Mec\u00e1nica general","item":"https:\/\/autosibanez.com\/mecanica-general\/"},{"@type":"ListItem","position":3,"name":"Electromec\u00e1nica"}]},{"@type":"WebSite","@id":"https:\/\/autosibanez.com\/#website","url":"https:\/\/autosibanez.com\/","name":"Autom\u00f3viles Iba\u00f1ez - Taller de coches en Madrid","description":"Autos Iba\u00f1ez Tu taller de coches de confianza en Madrid","publisher":{"@id":"https:\/\/autosibanez.com\/#organization"},"alternateName":"Autos Iba\u00f1ez - Taller de coches en Madrid","potentialAction":[{"@type":"SearchAction","target":{"@type":"EntryPoint","urlTemplate":"https:\/\/autosibanez.com\/?s={search_term_string}"},"query-input":{"@type":"PropertyValueSpecification","valueRequired":true,"valueName":"search_term_string"}}],"inLanguage":"en-GB"},{"@type":"Organization","@id":"https:\/\/autosibanez.com\/#organization","name":"Autom\u00f3viles Iba\u00f1ez - Taller de coches en Madrid","url":"https:\/\/autosibanez.com\/","logo":{"@type":"ImageObject","inLanguage":"en-GB","@id":"https:\/\/autosibanez.com\/#\/schema\/logo\/image\/","url":"https:\/\/autosibanez.com\/wp-content\/uploads\/2023\/07\/AUTOS-IBANEZ-LOGO-1.png","contentUrl":"https:\/\/autosibanez.com\/wp-content\/uploads\/2023\/07\/AUTOS-IBANEZ-LOGO-1.png","width":276,"height":44,"caption":"Autom\u00f3viles Iba\u00f1ez - Taller de coches en Madrid"},"image":{"@id":"https:\/\/autosibanez.com\/#\/schema\/logo\/image\/"}}]}},"_links":{"self":[{"href":"https:\/\/autosibanez.com\/en\/wp-json\/wp\/v2\/pages\/94","targetHints":{"allow":["GET"]}}],"collection":[{"href":"https:\/\/autosibanez.com\/en\/wp-json\/wp\/v2\/pages"}],"about":[{"href":"https:\/\/autosibanez.com\/en\/wp-json\/wp\/v2\/types\/page"}],"author":[{"embeddable":true,"href":"https:\/\/autosibanez.com\/en\/wp-json\/wp\/v2\/users\/1"}],"replies":[{"embeddable":true,"href":"https:\/\/autosibanez.com\/en\/wp-json\/wp\/v2\/comments?post=94"}],"version-history":[{"count":0,"href":"https:\/\/autosibanez.com\/en\/wp-json\/wp\/v2\/pages\/94\/revisions"}],"up":[{"embeddable":true,"href":"https:\/\/autosibanez.com\/en\/wp-json\/wp\/v2\/pages\/56"}],"wp:attachment":[{"href":"https:\/\/autosibanez.com\/en\/wp-json\/wp\/v2\/media?parent=94"}],"curies":[{"name":"wp","href":"https:\/\/api.w.org\/{rel}","templated":true}]}}