{"id":80,"date":"2023-07-20T14:45:14","date_gmt":"2023-07-20T14:45:14","guid":{"rendered":"https:\/\/autosibanez.com\/?page_id=80"},"modified":"2023-07-27T09:32:55","modified_gmt":"2023-07-27T09:32:55","slug":"paralelos","status":"publish","type":"page","link":"https:\/\/autosibanez.com\/en\/mecanica-rapida\/paralelos\/","title":{"rendered":"Parallel"},"content":{"rendered":"<div class=\"slider-wrapper relative\" id=\"slider-1078426543\" >\n    <div class=\"slider slider-nav-circle slider-nav-large slider-nav-light slider-style-normal\"\n        data-flickity-options='{            \"cellAlign\": \"center\",            \"imagesLoaded\": true,            \"lazyLoad\": 1,            \"freeScroll\": false,            \"wrapAround\": true,            \"autoPlay\": 6000,            \"pauseAutoPlayOnHover\" : true,            \"prevNextButtons\": true,            \"contain\" : true,            \"adaptiveHeight\" : true,            \"dragThreshold\" : 10,            \"percentPosition\": true,            \"pageDots\": true,            \"rightToLeft\": false,            \"draggable\": true,            \"selectedAttraction\": 0.1,            \"parallax\" : 0,            \"friction\": 0.6        }'\n        >\n        \n\n\n  <div class=\"banner has-hover\" id=\"banner-443795489\">\n          <div class=\"banner-inner fill\">\n        <div class=\"banner-bg fill\" >\n            <div class=\"bg fill bg-fill\"><\/div>\n                        <div class=\"overlay\"><\/div>            \n                    <\/div>\n\t\t\n        <div class=\"banner-layers container\">\n            <div class=\"fill banner-link\"><\/div>            \n\n   <div id=\"text-box-1902991372\" class=\"text-box banner-layer x50 md-x50 lg-x50 y50 md-y50 lg-y50 res-text\">\n                                <div class=\"text-box-content text dark\">\n              \n              <div class=\"text-inner text-center\">\n                  \n\n\t<div id=\"text-3399834794\" class=\"text\">\n\t\t\n\n<h1 class=\"uppercase\">PARALELOS<\/h1>\n<h3 class=\"uppercase\">Estabilidad y Seguridad en tu Conducci\u00f3n<\/h3>\n<p>\u00a0<\/p>\n\t\t\n<style>\n#text-3399834794 {\n  font-size: 0.75rem;\n}\n<\/style>\n\t<\/div>\n\t\n\n              <\/div>\n           <\/div>\n                            \n<style>\n#text-box-1902991372 {\n  width: 100%;\n}\n#text-box-1902991372 .text-box-content {\n  font-size: 100%;\n}\n<\/style>\n    <\/div>\n \n\n        <\/div>\n      <\/div>\n\n            \n<style>\n#banner-443795489 {\n  padding-top: 300px;\n}\n#banner-443795489 .bg.bg-loaded {\n  background-image: url(https:\/\/autosibanez.com\/wp-content\/uploads\/2023\/07\/bandera-quaddros-01-01-01-1-1024x503.png);\n}\n#banner-443795489 .overlay {\n  background-color: rgba(0,0,0,.5);\n}\n#banner-443795489 .bg {\n  background-position: 0% 100%;\n}\n<\/style>\n  <\/div>\n\n\n\n     <\/div>\n\n     <div class=\"loading-spin dark large centered\"><\/div>\n\n\t<\/div>\n\n\n<div class=\"row\"  id=\"row-1185348810\">\n\n\n\t<div id=\"col-1967301986\" class=\"col medium-6 small-12 large-6\"  >\n\t\t\t\t<div class=\"col-inner\"  >\n\t\t\t\n\t\t\t\n\n<h2>\u00a0<\/h2>\n<h2><strong>Servicio de Paralelos en Madrid &#8211; Estabilidad y Seguridad en tu Conducci\u00f3n<\/strong><\/h2>\n<p>En Autos Iba\u00f1ez, te ofrecemos un servicio especializado de paralelos en Madrid para asegurar la correcta alineaci\u00f3n de las ruedas de tu veh\u00edculo. Nuestro equipo de expertos en mec\u00e1nica utilizar\u00e1 tecnolog\u00eda de vanguardia para ajustar la alineaci\u00f3n de tus ruedas, garantizando una conducci\u00f3n m\u00e1s suave y segura. Conf\u00eda en nosotros para mantener tu coche en \u00f3ptimas condiciones y disfruta de una experiencia de conducci\u00f3n sin igual.<\/p>\n<p>\u00a0<\/p>\n\n\t\t<\/div>\n\t\t\t\t\t<\/div>\n\n\t\n\n\t<div id=\"col-233398877\" class=\"col medium-6 small-12 large-6\"  >\n\t\t\t\t<div class=\"col-inner\"  >\n\t\t\t\n\t\t\t\n\n\t<div id=\"gap-6941325\" class=\"gap-element clearfix\" style=\"display:block; height:auto;\">\n\t\t\n<style>\n#gap-6941325 {\n  padding-top: 0px;\n}\n@media (min-width:550px) {\n  #gap-6941325 {\n    padding-top: 30px;\n  }\n}\n<\/style>\n\t<\/div>\n\t\n\n\t<div class=\"img has-hover x md-x lg-x y md-y lg-y\" id=\"image_1447088819\">\n\t\t\t\t\t\t\t\t<div class=\"img-inner image-cover dark\" style=\"padding-top:75%;\">\n\t\t\t<img loading=\"lazy\" decoding=\"async\" width=\"1020\" height=\"681\" src=\"https:\/\/autosibanez.com\/wp-content\/uploads\/2023\/07\/autos-ibanez-taller-coches-madrid-cambio-neumaticos-3-1024x684.jpg\" class=\"attachment-large size-large\" alt=\"neumaticos autos iba\u00f1ez taller de coches y mec\u00e1nica del automovil en madrid\" srcset=\"https:\/\/autosibanez.com\/wp-content\/uploads\/2023\/07\/autos-ibanez-taller-coches-madrid-cambio-neumaticos-3-1024x684.jpg 1024w, https:\/\/autosibanez.com\/wp-content\/uploads\/2023\/07\/autos-ibanez-taller-coches-madrid-cambio-neumaticos-3-300x200.jpg 300w, https:\/\/autosibanez.com\/wp-content\/uploads\/2023\/07\/autos-ibanez-taller-coches-madrid-cambio-neumaticos-3-768x513.jpg 768w, https:\/\/autosibanez.com\/wp-content\/uploads\/2023\/07\/autos-ibanez-taller-coches-madrid-cambio-neumaticos-3-1536x1026.jpg 1536w, https:\/\/autosibanez.com\/wp-content\/uploads\/2023\/07\/autos-ibanez-taller-coches-madrid-cambio-neumaticos-3.jpg 1920w\" sizes=\"auto, (max-width: 1020px) 100vw, 1020px\" \/>\t\t\t\t\t\t\n\t\t\t\t\t<\/div>\n\t\t\t\t\t\t\t\t\n<style>\n#image_1447088819 {\n  width: 100%;\n}\n<\/style>\n\t<\/div>\n\t\n\n\n\t\t<\/div>\n\t\t\t\t\t<\/div>\n\n\t\n\n<\/div>\n<div class=\"row\"  id=\"row-1673873284\">\n\n\n\t<div id=\"col-1552037930\" class=\"col medium-6 small-12 large-6\"  >\n\t\t\t\t<div class=\"col-inner\"  >\n\t\t\t\n\t\t\t\n\n\t<div class=\"img has-hover x md-x lg-x y md-y lg-y\" id=\"image_1731949924\">\n\t\t\t\t\t\t\t\t<div class=\"img-inner image-cover dark\" style=\"padding-top:75%;\">\n\t\t\t<img loading=\"lazy\" decoding=\"async\" width=\"1020\" height=\"574\" src=\"https:\/\/autosibanez.com\/wp-content\/uploads\/2023\/07\/autos-ibanez-taller-coches-madrid-cambio-neumaticos-2-1024x576.jpg\" class=\"attachment-large size-large\" alt=\"neumaticos autos iba\u00f1ez taller de coches y mec\u00e1nica del automovil en madrid\" srcset=\"https:\/\/autosibanez.com\/wp-content\/uploads\/2023\/07\/autos-ibanez-taller-coches-madrid-cambio-neumaticos-2-1024x576.jpg 1024w, https:\/\/autosibanez.com\/wp-content\/uploads\/2023\/07\/autos-ibanez-taller-coches-madrid-cambio-neumaticos-2-300x169.jpg 300w, https:\/\/autosibanez.com\/wp-content\/uploads\/2023\/07\/autos-ibanez-taller-coches-madrid-cambio-neumaticos-2-768x432.jpg 768w, https:\/\/autosibanez.com\/wp-content\/uploads\/2023\/07\/autos-ibanez-taller-coches-madrid-cambio-neumaticos-2-1536x864.jpg 1536w, https:\/\/autosibanez.com\/wp-content\/uploads\/2023\/07\/autos-ibanez-taller-coches-madrid-cambio-neumaticos-2.jpg 1920w\" sizes=\"auto, (max-width: 1020px) 100vw, 1020px\" \/>\t\t\t\t\t\t\n\t\t\t\t\t<\/div>\n\t\t\t\t\t\t\t\t\n<style>\n#image_1731949924 {\n  width: 100%;\n}\n<\/style>\n\t<\/div>\n\t\n\n\n\t\t<\/div>\n\t\t\t\t\t<\/div>\n\n\t\n\n\t<div id=\"col-2036265048\" class=\"col medium-6 small-12 large-6 small-col-first\"  >\n\t\t\t\t<div class=\"col-inner\"  >\n\t\t\t\n\t\t\t\n\n<h2><strong>Importancia de un Paralelo Adecuado<\/strong><\/h2>\n<p>La alineaci\u00f3n correcta de las ruedas es fundamental para el rendimiento y la seguridad de tu veh\u00edculo. Un paralelo adecuado evita un desgaste irregular de los neum\u00e1ticos, mejora el agarre en la carretera y asegura una conducci\u00f3n m\u00e1s estable. Adem\u00e1s, un paralelo mal ajustado puede afectar la eficiencia del combustible y provocar desviaciones inesperadas al conducir.<\/p>\n\n\t\t<\/div>\n\t\t\t\t\t<\/div>\n\n\t\n\n<\/div>\n<div class=\"row\"  id=\"row-1508358368\">\n\n\n\t<div id=\"col-1005630158\" class=\"col medium-6 small-12 large-6\"  >\n\t\t\t\t<div class=\"col-inner\"  >\n\t\t\t\n\t\t\t\n\n<h2><strong> Nuestro Proceso de Alineaci\u00f3n de Ruedas<\/strong><\/h2>\n<p>En Mec\u00e1nica R\u00e1pida Autos Iba\u00f1ez, seguimos un proceso meticuloso para garantizar una alineaci\u00f3n de ruedas impecable:<\/p>\n<ol>\n<li>\n<p><strong>Inspecci\u00f3n Inicial:<\/strong> Nuestro equipo de mec\u00e1nicos evaluar\u00e1 la alineaci\u00f3n actual de las ruedas y determinar\u00e1 si es necesario el ajuste.<\/p>\n<\/li>\n<li>\n<p><strong>Ajuste Profesional:<\/strong> Utilizamos tecnolog\u00eda avanzada para realizar un ajuste preciso de la alineaci\u00f3n de las ruedas, corrigiendo cualquier desviaci\u00f3n.<\/p>\n<\/li>\n<li>\n<p><strong>Verificaci\u00f3n Completa:<\/strong> Comprobamos que la alineaci\u00f3n de las ruedas est\u00e9 en perfecto estado antes de entregarte tu coche.<\/p>\n<\/li>\n<\/ol>\n<p>\u00a1Asegura una conducci\u00f3n segura y sin problemas con nuestro servicio de paralelos en Madrid! Programa tu cita hoy mismo y descubre por qu\u00e9 somos la opci\u00f3n preferida para el cuidado de la alineaci\u00f3n de ruedas de tantos clientes satisfechos.<\/p>\n\n\t\t<\/div>\n\t\t\t\t\t<\/div>\n\n\t\n\n\t<div id=\"col-1648839081\" class=\"col medium-6 small-12 large-6\"  >\n\t\t\t\t<div class=\"col-inner\"  >\n\t\t\t\n\t\t\t\n\n\t<div class=\"img has-hover x md-x lg-x y md-y lg-y\" id=\"image_775596214\">\n\t\t\t\t\t\t\t\t<div class=\"img-inner dark\" >\n\t\t\t<img loading=\"lazy\" decoding=\"async\" width=\"773\" height=\"1024\" src=\"https:\/\/autosibanez.com\/wp-content\/uploads\/2023\/07\/autos-ibanez-taller-coches-madrid-cambio-neumaticos-773x1024.jpg\" class=\"attachment-large size-large\" alt=\"neumaticos autos iba\u00f1ez taller de coches y mec\u00e1nica del automovil en madrid\" srcset=\"https:\/\/autosibanez.com\/wp-content\/uploads\/2023\/07\/autos-ibanez-taller-coches-madrid-cambio-neumaticos-773x1024.jpg 773w, https:\/\/autosibanez.com\/wp-content\/uploads\/2023\/07\/autos-ibanez-taller-coches-madrid-cambio-neumaticos-227x300.jpg 227w, https:\/\/autosibanez.com\/wp-content\/uploads\/2023\/07\/autos-ibanez-taller-coches-madrid-cambio-neumaticos-768x1017.jpg 768w, https:\/\/autosibanez.com\/wp-content\/uploads\/2023\/07\/autos-ibanez-taller-coches-madrid-cambio-neumaticos-1160x1536.jpg 1160w, https:\/\/autosibanez.com\/wp-content\/uploads\/2023\/07\/autos-ibanez-taller-coches-madrid-cambio-neumaticos.jpg 1290w\" sizes=\"auto, (max-width: 773px) 100vw, 773px\" \/>\t\t\t\t\t\t\n\t\t\t\t\t<\/div>\n\t\t\t\t\t\t\t\t\n<style>\n#image_775596214 {\n  width: 100%;\n}\n<\/style>\n\t<\/div>\n\t\n\n\n\t\t<\/div>\n\t\t\t\t\t<\/div>\n\n\t\n\n<\/div>","protected":false},"excerpt":{"rendered":"","protected":false},"author":1,"featured_media":0,"parent":54,"menu_order":0,"comment_status":"closed","ping_status":"closed","template":"page-blank.php","meta":{"footnotes":""},"class_list":["post-80","page","type-page","status-publish","hentry"],"yoast_head":"<!-- This site is optimized with the Yoast SEO plugin v25.7 - https:\/\/yoast.com\/wordpress\/plugins\/seo\/ -->\n<title>Paralelos - Automoviles Iba\u00f1ez<\/title>\n<meta name=\"robots\" content=\"index, follow, max-snippet:-1, max-image-preview:large, max-video-preview:-1\" \/>\n<link rel=\"canonical\" href=\"https:\/\/autosibanez.com\/en\/mecanica-rapida\/paralelos\/\" \/>\n<meta property=\"og:locale\" content=\"en_GB\" \/>\n<meta property=\"og:type\" content=\"article\" \/>\n<meta property=\"og:title\" content=\"Paralelos - Automoviles Iba\u00f1ez\" \/>\n<meta property=\"og:url\" content=\"https:\/\/autosibanez.com\/en\/mecanica-rapida\/paralelos\/\" \/>\n<meta property=\"og:site_name\" content=\"Automoviles Iba\u00f1ez\" \/>\n<meta property=\"article:modified_time\" content=\"2023-07-27T09:32:55+00:00\" \/>\n<meta property=\"og:image\" content=\"https:\/\/autosibanez.com\/wp-content\/uploads\/2023\/07\/pngwing-1.png\" \/>\n\t<meta property=\"og:image:width\" content=\"745\" \/>\n\t<meta property=\"og:image:height\" content=\"392\" \/>\n\t<meta property=\"og:image:type\" content=\"image\/png\" \/>\n<meta name=\"twitter:card\" content=\"summary_large_image\" \/>\n<meta name=\"twitter:label1\" content=\"Estimated reading time\" \/>\n\t<meta name=\"twitter:data1\" content=\"2 minutes\" \/>\n<script type=\"application\/ld+json\" class=\"yoast-schema-graph\">{\"@context\":\"https:\/\/schema.org\",\"@graph\":[{\"@type\":\"WebPage\",\"@id\":\"https:\/\/autosibanez.com\/mecanica-rapida\/paralelos\/\",\"url\":\"https:\/\/autosibanez.com\/mecanica-rapida\/paralelos\/\",\"name\":\"Paralelos - Automoviles Iba\u00f1ez\",\"isPartOf\":{\"@id\":\"https:\/\/autosibanez.com\/#website\"},\"datePublished\":\"2023-07-20T14:45:14+00:00\",\"dateModified\":\"2023-07-27T09:32:55+00:00\",\"breadcrumb\":{\"@id\":\"https:\/\/autosibanez.com\/mecanica-rapida\/paralelos\/#breadcrumb\"},\"inLanguage\":\"en-GB\",\"potentialAction\":[{\"@type\":\"ReadAction\",\"target\":[\"https:\/\/autosibanez.com\/mecanica-rapida\/paralelos\/\"]}]},{\"@type\":\"BreadcrumbList\",\"@id\":\"https:\/\/autosibanez.com\/mecanica-rapida\/paralelos\/#breadcrumb\",\"itemListElement\":[{\"@type\":\"ListItem\",\"position\":1,\"name\":\"Portada\",\"item\":\"https:\/\/autosibanez.com\/\"},{\"@type\":\"ListItem\",\"position\":2,\"name\":\"Mec\u00e1nica r\u00e1pida\",\"item\":\"https:\/\/autosibanez.com\/mecanica-rapida\/\"},{\"@type\":\"ListItem\",\"position\":3,\"name\":\"Paralelos\"}]},{\"@type\":\"WebSite\",\"@id\":\"https:\/\/autosibanez.com\/#website\",\"url\":\"https:\/\/autosibanez.com\/\",\"name\":\"Autom\u00f3viles Iba\u00f1ez - Taller de coches en Madrid\",\"description\":\"Autos Iba\u00f1ez Tu taller de coches de confianza en Madrid\",\"publisher\":{\"@id\":\"https:\/\/autosibanez.com\/#organization\"},\"alternateName\":\"Autos Iba\u00f1ez - Taller de coches en Madrid\",\"potentialAction\":[{\"@type\":\"SearchAction\",\"target\":{\"@type\":\"EntryPoint\",\"urlTemplate\":\"https:\/\/autosibanez.com\/?s={search_term_string}\"},\"query-input\":{\"@type\":\"PropertyValueSpecification\",\"valueRequired\":true,\"valueName\":\"search_term_string\"}}],\"inLanguage\":\"en-GB\"},{\"@type\":\"Organization\",\"@id\":\"https:\/\/autosibanez.com\/#organization\",\"name\":\"Autom\u00f3viles Iba\u00f1ez - Taller de coches en Madrid\",\"url\":\"https:\/\/autosibanez.com\/\",\"logo\":{\"@type\":\"ImageObject\",\"inLanguage\":\"en-GB\",\"@id\":\"https:\/\/autosibanez.com\/#\/schema\/logo\/image\/\",\"url\":\"https:\/\/autosibanez.com\/wp-content\/uploads\/2023\/07\/AUTOS-IBANEZ-LOGO-1.png\",\"contentUrl\":\"https:\/\/autosibanez.com\/wp-content\/uploads\/2023\/07\/AUTOS-IBANEZ-LOGO-1.png\",\"width\":276,\"height\":44,\"caption\":\"Autom\u00f3viles Iba\u00f1ez - Taller de coches en Madrid\"},\"image\":{\"@id\":\"https:\/\/autosibanez.com\/#\/schema\/logo\/image\/\"}}]}<\/script>\n<!-- \/ Yoast SEO plugin. -->","yoast_head_json":{"title":"Paralelos - Automoviles Iba\u00f1ez","robots":{"index":"index","follow":"follow","max-snippet":"max-snippet:-1","max-image-preview":"max-image-preview:large","max-video-preview":"max-video-preview:-1"},"canonical":"https:\/\/autosibanez.com\/en\/mecanica-rapida\/paralelos\/","og_locale":"en_GB","og_type":"article","og_title":"Paralelos - Automoviles Iba\u00f1ez","og_url":"https:\/\/autosibanez.com\/en\/mecanica-rapida\/paralelos\/","og_site_name":"Automoviles Iba\u00f1ez","article_modified_time":"2023-07-27T09:32:55+00:00","og_image":[{"width":745,"height":392,"url":"https:\/\/autosibanez.com\/wp-content\/uploads\/2023\/07\/pngwing-1.png","type":"image\/png"}],"twitter_card":"summary_large_image","twitter_misc":{"Estimated reading time":"2 minutes"},"schema":{"@context":"https:\/\/schema.org","@graph":[{"@type":"WebPage","@id":"https:\/\/autosibanez.com\/mecanica-rapida\/paralelos\/","url":"https:\/\/autosibanez.com\/mecanica-rapida\/paralelos\/","name":"Paralelos - Automoviles Iba\u00f1ez","isPartOf":{"@id":"https:\/\/autosibanez.com\/#website"},"datePublished":"2023-07-20T14:45:14+00:00","dateModified":"2023-07-27T09:32:55+00:00","breadcrumb":{"@id":"https:\/\/autosibanez.com\/mecanica-rapida\/paralelos\/#breadcrumb"},"inLanguage":"en-GB","potentialAction":[{"@type":"ReadAction","target":["https:\/\/autosibanez.com\/mecanica-rapida\/paralelos\/"]}]},{"@type":"BreadcrumbList","@id":"https:\/\/autosibanez.com\/mecanica-rapida\/paralelos\/#breadcrumb","itemListElement":[{"@type":"ListItem","position":1,"name":"Portada","item":"https:\/\/autosibanez.com\/"},{"@type":"ListItem","position":2,"name":"Mec\u00e1nica r\u00e1pida","item":"https:\/\/autosibanez.com\/mecanica-rapida\/"},{"@type":"ListItem","position":3,"name":"Paralelos"}]},{"@type":"WebSite","@id":"https:\/\/autosibanez.com\/#website","url":"https:\/\/autosibanez.com\/","name":"Autom\u00f3viles Iba\u00f1ez - Taller de coches en Madrid","description":"Autos Iba\u00f1ez Tu taller de coches de confianza en Madrid","publisher":{"@id":"https:\/\/autosibanez.com\/#organization"},"alternateName":"Autos Iba\u00f1ez - Taller de coches en Madrid","potentialAction":[{"@type":"SearchAction","target":{"@type":"EntryPoint","urlTemplate":"https:\/\/autosibanez.com\/?s={search_term_string}"},"query-input":{"@type":"PropertyValueSpecification","valueRequired":true,"valueName":"search_term_string"}}],"inLanguage":"en-GB"},{"@type":"Organization","@id":"https:\/\/autosibanez.com\/#organization","name":"Autom\u00f3viles Iba\u00f1ez - Taller de coches en Madrid","url":"https:\/\/autosibanez.com\/","logo":{"@type":"ImageObject","inLanguage":"en-GB","@id":"https:\/\/autosibanez.com\/#\/schema\/logo\/image\/","url":"https:\/\/autosibanez.com\/wp-content\/uploads\/2023\/07\/AUTOS-IBANEZ-LOGO-1.png","contentUrl":"https:\/\/autosibanez.com\/wp-content\/uploads\/2023\/07\/AUTOS-IBANEZ-LOGO-1.png","width":276,"height":44,"caption":"Autom\u00f3viles Iba\u00f1ez - Taller de coches en Madrid"},"image":{"@id":"https:\/\/autosibanez.com\/#\/schema\/logo\/image\/"}}]}},"_links":{"self":[{"href":"https:\/\/autosibanez.com\/en\/wp-json\/wp\/v2\/pages\/80","targetHints":{"allow":["GET"]}}],"collection":[{"href":"https:\/\/autosibanez.com\/en\/wp-json\/wp\/v2\/pages"}],"about":[{"href":"https:\/\/autosibanez.com\/en\/wp-json\/wp\/v2\/types\/page"}],"author":[{"embeddable":true,"href":"https:\/\/autosibanez.com\/en\/wp-json\/wp\/v2\/users\/1"}],"replies":[{"embeddable":true,"href":"https:\/\/autosibanez.com\/en\/wp-json\/wp\/v2\/comments?post=80"}],"version-history":[{"count":0,"href":"https:\/\/autosibanez.com\/en\/wp-json\/wp\/v2\/pages\/80\/revisions"}],"up":[{"embeddable":true,"href":"https:\/\/autosibanez.com\/en\/wp-json\/wp\/v2\/pages\/54"}],"wp:attachment":[{"href":"https:\/\/autosibanez.com\/en\/wp-json\/wp\/v2\/media?parent=80"}],"curies":[{"name":"wp","href":"https:\/\/api.w.org\/{rel}","templated":true}]}}