{"id":70,"date":"2023-07-20T14:36:08","date_gmt":"2023-07-20T14:36:08","guid":{"rendered":"https:\/\/autosibanez.com\/?page_id=70"},"modified":"2023-07-27T12:18:15","modified_gmt":"2023-07-27T12:18:15","slug":"conversiones","status":"publish","type":"page","link":"https:\/\/autosibanez.com\/en\/restauracion-de-clasicos\/conversiones\/","title":{"rendered":"Conversions"},"content":{"rendered":"<div class=\"slider-wrapper relative\" id=\"slider-810247835\" >\n    <div class=\"slider slider-nav-circle slider-nav-large slider-nav-light slider-style-normal\"\n        data-flickity-options='{            \"cellAlign\": \"center\",            \"imagesLoaded\": true,            \"lazyLoad\": 1,            \"freeScroll\": false,            \"wrapAround\": true,            \"autoPlay\": 6000,            \"pauseAutoPlayOnHover\" : true,            \"prevNextButtons\": true,            \"contain\" : true,            \"adaptiveHeight\" : true,            \"dragThreshold\" : 10,            \"percentPosition\": true,            \"pageDots\": true,            \"rightToLeft\": false,            \"draggable\": true,            \"selectedAttraction\": 0.1,            \"parallax\" : 0,            \"friction\": 0.6        }'\n        >\n        \n\n\n  <div class=\"banner has-hover\" id=\"banner-1785339882\">\n          <div class=\"banner-inner fill\">\n        <div class=\"banner-bg fill\" >\n            <div class=\"bg fill bg-fill\"><\/div>\n                                    \n                    <\/div>\n\t\t\n        <div class=\"banner-layers container\">\n            <div class=\"fill banner-link\"><\/div>            \n\n   <div id=\"text-box-1391547929\" class=\"text-box banner-layer x50 md-x50 lg-x50 y50 md-y50 lg-y50 res-text\">\n                                <div class=\"text-box-content text dark\">\n              \n              <div class=\"text-inner text-center\">\n                  \n\n<h1 class=\"uppercase\"><strong>Conversions<\/strong><\/h1>\n<h3><strong>Servicio de conversiones para autos cl\u00e1sicos<\/strong><\/h3>\n\n              <\/div>\n           <\/div>\n                            \n<style>\n#text-box-1391547929 {\n  width: 75%;\n}\n#text-box-1391547929 .text-box-content {\n  font-size: 100%;\n}\n<\/style>\n    <\/div>\n \n\n        <\/div>\n      <\/div>\n\n            \n<style>\n#banner-1785339882 {\n  padding-top: 300px;\n}\n#banner-1785339882 .bg.bg-loaded {\n  background-image: url(https:\/\/autosibanez.com\/wp-content\/uploads\/2023\/07\/bandera-quaddros-01-01-01-1-1024x503.png);\n}\n<\/style>\n  <\/div>\n\n\n\n     <\/div>\n\n     <div class=\"loading-spin dark large centered\"><\/div>\n\n\t<\/div>\n\n\n<div class=\"row\"  id=\"row-412112792\">\n\n\n\t<div id=\"col-947557277\" class=\"col medium-6 small-12 large-6\"  >\n\t\t\t\t<div class=\"col-inner\"  >\n\t\t\t\n\t\t\t\n\n<h2>\u00a0<\/h2>\n<h2>Servicio de Conversiones para Autos Cl\u00e1sicos &#8211; Moderniza tu Tesoro Vintage<\/h2>\n<p>En Autos Iba\u00f1ez, te ofrecemos un exclusivo servicio de conversiones para autos cl\u00e1sicos, donde combinamos lo mejor de la tecnolog\u00eda moderna con el encanto vintage de tu veh\u00edculo. Nuestro equipo de especialistas en conversiones est\u00e1 altamente capacitado para realizar modificaciones que mejoren el rendimiento, comodidad y eficiencia de tu coche cl\u00e1sico. Conf\u00eda en nosotros para darle una nueva vida a tu tesoro vintage y disfrutar de lo mejor de ambos mundos en cada viaje.<\/p>\n\n\t\t<\/div>\n\t\t\t\t\t<\/div>\n\n\t\n\n\t<div id=\"col-779823069\" class=\"col medium-6 small-12 large-6\"  >\n\t\t\t\t<div class=\"col-inner\"  >\n\t\t\t\n\t\t\t\n\n\t<div class=\"img has-hover x md-x lg-x y md-y lg-y\" id=\"image_814125957\">\n\t\t\t\t\t\t\t\t<div class=\"img-inner dark\" >\n\t\t\t<img loading=\"lazy\" decoding=\"async\" width=\"1020\" height=\"765\" src=\"https:\/\/autosibanez.com\/wp-content\/uploads\/2023\/07\/PHOTO-2023-01-14-23-45-22-1024x768.jpg\" class=\"attachment-large size-large\" alt=\"\" srcset=\"https:\/\/autosibanez.com\/wp-content\/uploads\/2023\/07\/PHOTO-2023-01-14-23-45-22-1024x768.jpg 1024w, https:\/\/autosibanez.com\/wp-content\/uploads\/2023\/07\/PHOTO-2023-01-14-23-45-22-300x225.jpg 300w, https:\/\/autosibanez.com\/wp-content\/uploads\/2023\/07\/PHOTO-2023-01-14-23-45-22-768x576.jpg 768w, https:\/\/autosibanez.com\/wp-content\/uploads\/2023\/07\/PHOTO-2023-01-14-23-45-22-1536x1152.jpg 1536w, https:\/\/autosibanez.com\/wp-content\/uploads\/2023\/07\/PHOTO-2023-01-14-23-45-22.jpg 1600w\" sizes=\"auto, (max-width: 1020px) 100vw, 1020px\" \/>\t\t\t\t\t\t\n\t\t\t\t\t<\/div>\n\t\t\t\t\t\t\t\t\n<style>\n#image_814125957 {\n  width: 100%;\n}\n<\/style>\n\t<\/div>\n\t\n\n\n\t\t<\/div>\n\t\t\t\t\t<\/div>\n\n\t\n\n<\/div>\n<div class=\"row\"  id=\"row-453140393\">\n\n\n\t<div id=\"col-1588029476\" class=\"col medium-6 small-12 large-6\"  >\n\t\t\t\t<div class=\"col-inner\"  >\n\t\t\t\n\t\t\t\n\n\t<div class=\"img has-hover x md-x lg-x y md-y lg-y\" id=\"image_986097290\">\n\t\t\t\t\t\t\t\t<div class=\"img-inner dark\" >\n\t\t\t<img loading=\"lazy\" decoding=\"async\" width=\"1020\" height=\"765\" src=\"https:\/\/autosibanez.com\/wp-content\/uploads\/2023\/07\/PHOTO-2023-01-14-23-45-22-1-1024x768.jpg\" class=\"attachment-large size-large\" alt=\"\" srcset=\"https:\/\/autosibanez.com\/wp-content\/uploads\/2023\/07\/PHOTO-2023-01-14-23-45-22-1-1024x768.jpg 1024w, https:\/\/autosibanez.com\/wp-content\/uploads\/2023\/07\/PHOTO-2023-01-14-23-45-22-1-300x225.jpg 300w, https:\/\/autosibanez.com\/wp-content\/uploads\/2023\/07\/PHOTO-2023-01-14-23-45-22-1-768x576.jpg 768w, https:\/\/autosibanez.com\/wp-content\/uploads\/2023\/07\/PHOTO-2023-01-14-23-45-22-1-1536x1152.jpg 1536w, https:\/\/autosibanez.com\/wp-content\/uploads\/2023\/07\/PHOTO-2023-01-14-23-45-22-1.jpg 1600w\" sizes=\"auto, (max-width: 1020px) 100vw, 1020px\" \/>\t\t\t\t\t\t\n\t\t\t\t\t<\/div>\n\t\t\t\t\t\t\t\t\n<style>\n#image_986097290 {\n  width: 100%;\n}\n<\/style>\n\t<\/div>\n\t\n\n\n\t\t<\/div>\n\t\t\t\t\t<\/div>\n\n\t\n\n\t<div id=\"col-1287379908\" class=\"col medium-6 small-12 large-6\"  >\n\t\t\t\t<div class=\"col-inner\"  >\n\t\t\t\n\t\t\t\n\n<h2>Expertos en Conversiones &#8211; Personaliza tu Auto Cl\u00e1sico<\/h2>\n<p>Si deseas que tu auto cl\u00e1sico tenga lo \u00faltimo en tecnolog\u00eda y comodidades, en Autos Iba\u00f1ez tenemos la soluci\u00f3n. Nuestro servicio de conversiones te ofrece la oportunidad de personalizar tu coche cl\u00e1sico con caracter\u00edsticas modernas, como sistemas de entretenimiento, frenos mejorados, direcci\u00f3n asistida y mucho m\u00e1s. Con nuestras conversiones, mantendr\u00e1s la esencia \u00fanica de tu veh\u00edculo cl\u00e1sico mientras disfrutas de la funcionalidad y desempe\u00f1o de un auto moderno. Conf\u00eda en nuestro equipo de expertos en conversiones y dale un toque \u00fanico y personalizado a tu auto cl\u00e1sico.<\/p>\n\n\t\t<\/div>\n\t\t\t\t\t<\/div>\n\n\t\n\n<\/div>\n\t<div id=\"gap-791471566\" class=\"gap-element clearfix\" style=\"display:block; height:auto;\">\n\t\t\n<style>\n#gap-791471566 {\n  padding-top: 30px;\n}\n<\/style>\n\t<\/div>","protected":false},"excerpt":{"rendered":"","protected":false},"author":1,"featured_media":0,"parent":58,"menu_order":0,"comment_status":"closed","ping_status":"closed","template":"page-blank.php","meta":{"footnotes":""},"class_list":["post-70","page","type-page","status-publish","hentry"],"yoast_head":"<!-- This site is optimized with the Yoast SEO plugin v25.7 - https:\/\/yoast.com\/wordpress\/plugins\/seo\/ -->\n<title>Conversiones - Automoviles Iba\u00f1ez<\/title>\n<meta name=\"robots\" content=\"index, follow, max-snippet:-1, max-image-preview:large, max-video-preview:-1\" \/>\n<link rel=\"canonical\" href=\"https:\/\/autosibanez.com\/en\/restauracion-de-clasicos\/conversiones\/\" \/>\n<meta property=\"og:locale\" content=\"en_GB\" \/>\n<meta property=\"og:type\" content=\"article\" \/>\n<meta property=\"og:title\" content=\"Conversiones - Automoviles Iba\u00f1ez\" \/>\n<meta property=\"og:url\" content=\"https:\/\/autosibanez.com\/en\/restauracion-de-clasicos\/conversiones\/\" \/>\n<meta property=\"og:site_name\" content=\"Automoviles Iba\u00f1ez\" \/>\n<meta property=\"article:modified_time\" content=\"2023-07-27T12:18:15+00:00\" \/>\n<meta property=\"og:image\" content=\"https:\/\/autosibanez.com\/wp-content\/uploads\/2023\/07\/pngwing-1.png\" \/>\n\t<meta property=\"og:image:width\" content=\"745\" \/>\n\t<meta property=\"og:image:height\" content=\"392\" \/>\n\t<meta property=\"og:image:type\" content=\"image\/png\" \/>\n<meta name=\"twitter:card\" content=\"summary_large_image\" \/>\n<meta name=\"twitter:label1\" content=\"Estimated reading time\" \/>\n\t<meta name=\"twitter:data1\" content=\"1 minute\" \/>\n<script type=\"application\/ld+json\" class=\"yoast-schema-graph\">{\"@context\":\"https:\/\/schema.org\",\"@graph\":[{\"@type\":\"WebPage\",\"@id\":\"https:\/\/autosibanez.com\/restauracion-de-clasicos\/conversiones\/\",\"url\":\"https:\/\/autosibanez.com\/restauracion-de-clasicos\/conversiones\/\",\"name\":\"Conversiones - Automoviles Iba\u00f1ez\",\"isPartOf\":{\"@id\":\"https:\/\/autosibanez.com\/#website\"},\"datePublished\":\"2023-07-20T14:36:08+00:00\",\"dateModified\":\"2023-07-27T12:18:15+00:00\",\"breadcrumb\":{\"@id\":\"https:\/\/autosibanez.com\/restauracion-de-clasicos\/conversiones\/#breadcrumb\"},\"inLanguage\":\"en-GB\",\"potentialAction\":[{\"@type\":\"ReadAction\",\"target\":[\"https:\/\/autosibanez.com\/restauracion-de-clasicos\/conversiones\/\"]}]},{\"@type\":\"BreadcrumbList\",\"@id\":\"https:\/\/autosibanez.com\/restauracion-de-clasicos\/conversiones\/#breadcrumb\",\"itemListElement\":[{\"@type\":\"ListItem\",\"position\":1,\"name\":\"Portada\",\"item\":\"https:\/\/autosibanez.com\/\"},{\"@type\":\"ListItem\",\"position\":2,\"name\":\"Restauraci\u00f3n de cl\u00e1sicos\",\"item\":\"https:\/\/autosibanez.com\/restauracion-de-clasicos\/\"},{\"@type\":\"ListItem\",\"position\":3,\"name\":\"Conversiones\"}]},{\"@type\":\"WebSite\",\"@id\":\"https:\/\/autosibanez.com\/#website\",\"url\":\"https:\/\/autosibanez.com\/\",\"name\":\"Autom\u00f3viles Iba\u00f1ez - Taller de coches en Madrid\",\"description\":\"Autos Iba\u00f1ez Tu taller de coches de confianza en Madrid\",\"publisher\":{\"@id\":\"https:\/\/autosibanez.com\/#organization\"},\"alternateName\":\"Autos Iba\u00f1ez - Taller de coches en Madrid\",\"potentialAction\":[{\"@type\":\"SearchAction\",\"target\":{\"@type\":\"EntryPoint\",\"urlTemplate\":\"https:\/\/autosibanez.com\/?s={search_term_string}\"},\"query-input\":{\"@type\":\"PropertyValueSpecification\",\"valueRequired\":true,\"valueName\":\"search_term_string\"}}],\"inLanguage\":\"en-GB\"},{\"@type\":\"Organization\",\"@id\":\"https:\/\/autosibanez.com\/#organization\",\"name\":\"Autom\u00f3viles Iba\u00f1ez - Taller de coches en Madrid\",\"url\":\"https:\/\/autosibanez.com\/\",\"logo\":{\"@type\":\"ImageObject\",\"inLanguage\":\"en-GB\",\"@id\":\"https:\/\/autosibanez.com\/#\/schema\/logo\/image\/\",\"url\":\"https:\/\/autosibanez.com\/wp-content\/uploads\/2023\/07\/AUTOS-IBANEZ-LOGO-1.png\",\"contentUrl\":\"https:\/\/autosibanez.com\/wp-content\/uploads\/2023\/07\/AUTOS-IBANEZ-LOGO-1.png\",\"width\":276,\"height\":44,\"caption\":\"Autom\u00f3viles Iba\u00f1ez - Taller de coches en Madrid\"},\"image\":{\"@id\":\"https:\/\/autosibanez.com\/#\/schema\/logo\/image\/\"}}]}<\/script>\n<!-- \/ Yoast SEO plugin. -->","yoast_head_json":{"title":"Conversiones - Automoviles Iba\u00f1ez","robots":{"index":"index","follow":"follow","max-snippet":"max-snippet:-1","max-image-preview":"max-image-preview:large","max-video-preview":"max-video-preview:-1"},"canonical":"https:\/\/autosibanez.com\/en\/restauracion-de-clasicos\/conversiones\/","og_locale":"en_GB","og_type":"article","og_title":"Conversiones - Automoviles Iba\u00f1ez","og_url":"https:\/\/autosibanez.com\/en\/restauracion-de-clasicos\/conversiones\/","og_site_name":"Automoviles Iba\u00f1ez","article_modified_time":"2023-07-27T12:18:15+00:00","og_image":[{"width":745,"height":392,"url":"https:\/\/autosibanez.com\/wp-content\/uploads\/2023\/07\/pngwing-1.png","type":"image\/png"}],"twitter_card":"summary_large_image","twitter_misc":{"Estimated reading time":"1 minute"},"schema":{"@context":"https:\/\/schema.org","@graph":[{"@type":"WebPage","@id":"https:\/\/autosibanez.com\/restauracion-de-clasicos\/conversiones\/","url":"https:\/\/autosibanez.com\/restauracion-de-clasicos\/conversiones\/","name":"Conversiones - Automoviles Iba\u00f1ez","isPartOf":{"@id":"https:\/\/autosibanez.com\/#website"},"datePublished":"2023-07-20T14:36:08+00:00","dateModified":"2023-07-27T12:18:15+00:00","breadcrumb":{"@id":"https:\/\/autosibanez.com\/restauracion-de-clasicos\/conversiones\/#breadcrumb"},"inLanguage":"en-GB","potentialAction":[{"@type":"ReadAction","target":["https:\/\/autosibanez.com\/restauracion-de-clasicos\/conversiones\/"]}]},{"@type":"BreadcrumbList","@id":"https:\/\/autosibanez.com\/restauracion-de-clasicos\/conversiones\/#breadcrumb","itemListElement":[{"@type":"ListItem","position":1,"name":"Portada","item":"https:\/\/autosibanez.com\/"},{"@type":"ListItem","position":2,"name":"Restauraci\u00f3n de cl\u00e1sicos","item":"https:\/\/autosibanez.com\/restauracion-de-clasicos\/"},{"@type":"ListItem","position":3,"name":"Conversiones"}]},{"@type":"WebSite","@id":"https:\/\/autosibanez.com\/#website","url":"https:\/\/autosibanez.com\/","name":"Autom\u00f3viles Iba\u00f1ez - Taller de coches en Madrid","description":"Autos Iba\u00f1ez Tu taller de coches de confianza en Madrid","publisher":{"@id":"https:\/\/autosibanez.com\/#organization"},"alternateName":"Autos Iba\u00f1ez - Taller de coches en Madrid","potentialAction":[{"@type":"SearchAction","target":{"@type":"EntryPoint","urlTemplate":"https:\/\/autosibanez.com\/?s={search_term_string}"},"query-input":{"@type":"PropertyValueSpecification","valueRequired":true,"valueName":"search_term_string"}}],"inLanguage":"en-GB"},{"@type":"Organization","@id":"https:\/\/autosibanez.com\/#organization","name":"Autom\u00f3viles Iba\u00f1ez - Taller de coches en Madrid","url":"https:\/\/autosibanez.com\/","logo":{"@type":"ImageObject","inLanguage":"en-GB","@id":"https:\/\/autosibanez.com\/#\/schema\/logo\/image\/","url":"https:\/\/autosibanez.com\/wp-content\/uploads\/2023\/07\/AUTOS-IBANEZ-LOGO-1.png","contentUrl":"https:\/\/autosibanez.com\/wp-content\/uploads\/2023\/07\/AUTOS-IBANEZ-LOGO-1.png","width":276,"height":44,"caption":"Autom\u00f3viles Iba\u00f1ez - Taller de coches en Madrid"},"image":{"@id":"https:\/\/autosibanez.com\/#\/schema\/logo\/image\/"}}]}},"_links":{"self":[{"href":"https:\/\/autosibanez.com\/en\/wp-json\/wp\/v2\/pages\/70","targetHints":{"allow":["GET"]}}],"collection":[{"href":"https:\/\/autosibanez.com\/en\/wp-json\/wp\/v2\/pages"}],"about":[{"href":"https:\/\/autosibanez.com\/en\/wp-json\/wp\/v2\/types\/page"}],"author":[{"embeddable":true,"href":"https:\/\/autosibanez.com\/en\/wp-json\/wp\/v2\/users\/1"}],"replies":[{"embeddable":true,"href":"https:\/\/autosibanez.com\/en\/wp-json\/wp\/v2\/comments?post=70"}],"version-history":[{"count":0,"href":"https:\/\/autosibanez.com\/en\/wp-json\/wp\/v2\/pages\/70\/revisions"}],"up":[{"embeddable":true,"href":"https:\/\/autosibanez.com\/en\/wp-json\/wp\/v2\/pages\/58"}],"wp:attachment":[{"href":"https:\/\/autosibanez.com\/en\/wp-json\/wp\/v2\/media?parent=70"}],"curies":[{"name":"wp","href":"https:\/\/api.w.org\/{rel}","templated":true}]}}