{"id":54,"date":"2023-07-20T14:32:08","date_gmt":"2023-07-20T14:32:08","guid":{"rendered":"https:\/\/autosibanez.com\/?page_id=54"},"modified":"2023-07-27T12:23:27","modified_gmt":"2023-07-27T12:23:27","slug":"mecanica-rapida","status":"publish","type":"page","link":"https:\/\/autosibanez.com\/en\/mecanica-rapida\/","title":{"rendered":"Mechanical quick"},"content":{"rendered":"<div class=\"slider-wrapper relative\" id=\"slider-1366608914\" >\n    <div class=\"slider slider-nav-circle slider-nav-large slider-nav-light slider-style-normal\"\n        data-flickity-options='{            \"cellAlign\": \"center\",            \"imagesLoaded\": true,            \"lazyLoad\": 1,            \"freeScroll\": false,            \"wrapAround\": true,            \"autoPlay\": 6000,            \"pauseAutoPlayOnHover\" : true,            \"prevNextButtons\": true,            \"contain\" : true,            \"adaptiveHeight\" : true,            \"dragThreshold\" : 10,            \"percentPosition\": true,            \"pageDots\": true,            \"rightToLeft\": false,            \"draggable\": true,            \"selectedAttraction\": 0.1,            \"parallax\" : 0,            \"friction\": 0.6        }'\n        >\n        \n\n\n  <div class=\"banner has-hover\" id=\"banner-506587115\">\n          <div class=\"banner-inner fill\">\n        <div class=\"banner-bg fill\" >\n            <div class=\"bg fill bg-fill\"><\/div>\n                                    \n                    <\/div>\n\t\t\n        <div class=\"banner-layers container\">\n            <div class=\"fill banner-link\"><\/div>            \n\n   <div id=\"text-box-1177069137\" class=\"text-box banner-layer x50 md-x50 lg-x50 y50 md-y50 lg-y50 res-text\">\n                                <div class=\"text-box-content text dark\">\n              \n              <div class=\"text-inner text-center\">\n                  \n\n<h1 class=\"uppercase\"><strong>MEC\u00c1NICA R\u00c1PIDA<\/strong><\/h1>\n<p><strong>Mec\u00e1nica R\u00e1pida Autos Iba\u00f1ez &#8211; Soluciones Veloces para tu Veh\u00edculo<\/strong><\/p>\n\n              <\/div>\n           <\/div>\n                            \n<style>\n#text-box-1177069137 {\n  width: 60%;\n}\n#text-box-1177069137 .text-box-content {\n  font-size: 100%;\n}\n<\/style>\n    <\/div>\n \n\n        <\/div>\n      <\/div>\n\n            \n<style>\n#banner-506587115 {\n  padding-top: 300px;\n}\n#banner-506587115 .bg.bg-loaded {\n  background-image: url(https:\/\/autosibanez.com\/wp-content\/uploads\/2023\/07\/bandera-quaddros-01-01-01-1-1024x503.png);\n}\n#banner-506587115 .bg {\n  background-position: 0% 100%;\n}\n<\/style>\n  <\/div>\n\n\n\n     <\/div>\n\n     <div class=\"loading-spin dark large centered\"><\/div>\n\n\t<\/div>\n\n\n\t<section class=\"section\" id=\"section_2041840827\">\n\t\t<div class=\"bg section-bg fill bg-fill  bg-loaded\" >\n\n\t\t\t\n\t\t\t\n\t\t\t\n\n\t\t<\/div>\n\n\t\t\n\n\t\t<div class=\"section-content relative\">\n\t\t\t\n\n\t<div id=\"gap-1312136066\" class=\"gap-element clearfix\" style=\"display:block; height:auto;\">\n\t\t\n<style>\n#gap-1312136066 {\n  padding-top: 30px;\n}\n<\/style>\n\t<\/div>\n\t\n\n<div class=\"row\"  id=\"row-402432173\">\n\n\n\t<div id=\"col-800028987\" class=\"col medium-6 small-12 large-6\"  >\n\t\t\t\t<div class=\"col-inner\"  >\n\t\t\t\n\t\t\t\n\n<h2><strong>Descubre Nuestros Servicios de Mec\u00e1nica R\u00e1pida en Madrid<\/strong><\/h2>\n<p>En Mec\u00e1nica R\u00e1pida Autos Iba\u00f1ez, nos enorgullecemos de ofrecer un servicio excepcional y soluciones veloces para el cuidado y mantenimiento de tu veh\u00edculo en Madrid. Con m\u00e1s de [insertar n\u00famero de a\u00f1os] a\u00f1os de experiencia en el sector automotriz, nuestro taller se ha destacado por brindar a nuestros clientes una experiencia de primera clase que supera sus expectativas. Nuestro equipo de mec\u00e1nicos altamente capacitados est\u00e1 preparado para abordar cualquier desaf\u00edo mec\u00e1nico, desde una simple revisi\u00f3n hasta reparaciones m\u00e1s complejas, \u00a1todo para mantener tu coche en \u00f3ptimas condiciones y en la carretera por m\u00e1s tiempo!<\/p>\n\n\t\t<\/div>\n\t\t\t\t\t<\/div>\n\n\t\n\n\t<div id=\"col-1977412798\" class=\"col medium-6 small-12 large-6\"  >\n\t\t\t\t<div class=\"col-inner\"  >\n\t\t\t\n\t\t\t\n\n\t<div class=\"img has-hover x md-x lg-x y md-y lg-y\" id=\"image_1635617904\">\n\t\t\t\t\t\t\t\t<div class=\"img-inner image-cover dark\" style=\"padding-top:75%;\">\n\t\t\t<img loading=\"lazy\" decoding=\"async\" width=\"768\" height=\"1024\" src=\"https:\/\/autosibanez.com\/wp-content\/uploads\/2023\/07\/mantenimiento-768x1024.jpg\" class=\"attachment-large size-large\" alt=\"\" srcset=\"https:\/\/autosibanez.com\/wp-content\/uploads\/2023\/07\/mantenimiento-768x1024.jpg 768w, https:\/\/autosibanez.com\/wp-content\/uploads\/2023\/07\/mantenimiento-225x300.jpg 225w, https:\/\/autosibanez.com\/wp-content\/uploads\/2023\/07\/mantenimiento-1152x1536.jpg 1152w, https:\/\/autosibanez.com\/wp-content\/uploads\/2023\/07\/mantenimiento-1536x2048.jpg 1536w, https:\/\/autosibanez.com\/wp-content\/uploads\/2023\/07\/mantenimiento-scaled.jpg 1920w\" sizes=\"auto, (max-width: 768px) 100vw, 768px\" \/>\t\t\t\t\t\t\n\t\t\t\t\t<\/div>\n\t\t\t\t\t\t\t\t\n<style>\n#image_1635617904 {\n  width: 100%;\n}\n<\/style>\n\t<\/div>\n\t\n\n\n\t\t<\/div>\n\t\t\t\t\t<\/div>\n\n\t\n\n<\/div>\n<div class=\"row\"  id=\"row-785245446\">\n\n\n\t<div id=\"col-248353791\" class=\"col medium-6 small-12 large-6\"  >\n\t\t\t\t<div class=\"col-inner\"  >\n\t\t\t\n\t\t\t\n\n\t<div class=\"img has-hover x md-x lg-x y md-y lg-y\" id=\"image_1801786613\">\n\t\t\t\t\t\t\t\t<div class=\"img-inner image-cover dark\" style=\"padding-top:75%;\">\n\t\t\t<img loading=\"lazy\" decoding=\"async\" width=\"768\" height=\"1024\" src=\"https:\/\/autosibanez.com\/wp-content\/uploads\/2023\/07\/mantenimiento-3-768x1024.jpg\" class=\"attachment-large size-large\" alt=\"\" srcset=\"https:\/\/autosibanez.com\/wp-content\/uploads\/2023\/07\/mantenimiento-3-768x1024.jpg 768w, https:\/\/autosibanez.com\/wp-content\/uploads\/2023\/07\/mantenimiento-3-225x300.jpg 225w, https:\/\/autosibanez.com\/wp-content\/uploads\/2023\/07\/mantenimiento-3-1152x1536.jpg 1152w, https:\/\/autosibanez.com\/wp-content\/uploads\/2023\/07\/mantenimiento-3-1536x2048.jpg 1536w, https:\/\/autosibanez.com\/wp-content\/uploads\/2023\/07\/mantenimiento-3-scaled.jpg 1920w\" sizes=\"auto, (max-width: 768px) 100vw, 768px\" \/>\t\t\t\t\t\t\n\t\t\t\t\t<\/div>\n\t\t\t\t\t\t\t\t\n<style>\n#image_1801786613 {\n  width: 100%;\n}\n<\/style>\n\t<\/div>\n\t\n\n\n\t\t<\/div>\n\t\t\t\t\t<\/div>\n\n\t\n\n\t<div id=\"col-302766492\" class=\"col medium-6 small-12 large-6 small-col-first\"  >\n\t\t\t\t<div class=\"col-inner\"  >\n\t\t\t\n\t\t\t\n\n<h2><strong>Mantenimiento Preventivo y Correctivo<\/strong><\/h2>\n<p>El mantenimiento adecuado es la clave para prolongar la vida \u00fatil de tu veh\u00edculo y evitar costosas aver\u00edas a largo plazo. En Mec\u00e1nica R\u00e1pida Autos Iba\u00f1ez, ofrecemos un amplio rango de servicios de mantenimiento preventivo y correctivo que incluyen cambios de aceite y filtros, revisi\u00f3n y ajuste de frenos, alineaci\u00f3n y balanceo de ruedas, y mucho m\u00e1s. Nuestro equipo se asegurar\u00e1 de que tu coche funcione de manera \u00f3ptima, garantizando un rendimiento seguro y eficiente en cada kil\u00f3metro recorrido.<\/p>\n\n\t\t<\/div>\n\t\t\t\t\t<\/div>\n\n\t\n\n<\/div>\n<div class=\"row\"  id=\"row-1358210322\">\n\n\n\t<div id=\"col-545622274\" class=\"col medium-6 small-12 large-6\"  >\n\t\t\t\t<div class=\"col-inner\"  >\n\t\t\t\n\t\t\t\n\n<h2><strong>Diagn\u00f3stico Avanzado y Reparaciones Eficientes<\/strong><\/h2>\n<p>Nuestros mec\u00e1nicos altamente capacitados cuentan con los conocimientos y experiencia necesarios para realizar diagn\u00f3sticos precisos utilizando tecnolog\u00eda de vanguardia. Detectar problemas mec\u00e1nicos a tiempo es esencial para evitar da\u00f1os mayores, por lo que nuestro equipo se enfoca en identificar cualquier anomal\u00eda en tu veh\u00edculo de forma r\u00e1pida y precisa. Una vez que se haya realizado el diagn\u00f3stico, nuestros especialistas se pondr\u00e1n manos a la obra para llevar a cabo las reparaciones de manera eficiente y utilizando piezas de repuesto de calidad, asegurando que tu coche vuelva a la carretera en perfectas condiciones.<\/p>\n\n\t\t<\/div>\n\t\t\t\t\t<\/div>\n\n\t\n\n\t<div id=\"col-211314786\" class=\"col medium-6 small-12 large-6\"  >\n\t\t\t\t<div class=\"col-inner\"  >\n\t\t\t\n\t\t\t\n\n\t<div class=\"img has-hover x md-x lg-x y md-y lg-y\" id=\"image_163039878\">\n\t\t\t\t\t\t\t\t<div class=\"img-inner image-cover dark\" style=\"padding-top:75%;\">\n\t\t\t<img loading=\"lazy\" decoding=\"async\" width=\"768\" height=\"1024\" src=\"https:\/\/autosibanez.com\/wp-content\/uploads\/2023\/07\/motor-v8-768x1024.jpg\" class=\"attachment-large size-large\" alt=\"\" srcset=\"https:\/\/autosibanez.com\/wp-content\/uploads\/2023\/07\/motor-v8-768x1024.jpg 768w, https:\/\/autosibanez.com\/wp-content\/uploads\/2023\/07\/motor-v8-225x300.jpg 225w, https:\/\/autosibanez.com\/wp-content\/uploads\/2023\/07\/motor-v8-1152x1536.jpg 1152w, https:\/\/autosibanez.com\/wp-content\/uploads\/2023\/07\/motor-v8-1536x2048.jpg 1536w, https:\/\/autosibanez.com\/wp-content\/uploads\/2023\/07\/motor-v8-scaled.jpg 1920w\" sizes=\"auto, (max-width: 768px) 100vw, 768px\" \/>\t\t\t\t\t\t\n\t\t\t\t\t<\/div>\n\t\t\t\t\t\t\t\t\n<style>\n#image_163039878 {\n  width: 100%;\n}\n<\/style>\n\t<\/div>\n\t\n\n\n\t\t<\/div>\n\t\t\t\t\t<\/div>\n\n\t\n\n<\/div>\n<div class=\"row\"  id=\"row-927743812\">\n\n\n\t<div id=\"col-1905848095\" class=\"col medium-6 small-12 large-6\"  >\n\t\t\t\t<div class=\"col-inner\"  >\n\t\t\t\n\t\t\t\n\n\t<div class=\"img has-hover x md-x lg-x y md-y lg-y\" id=\"image_680016411\">\n\t\t\t\t\t\t\t\t<div class=\"img-inner image-cover dark\" style=\"padding-top:98%;\">\n\t\t\t<img loading=\"lazy\" decoding=\"async\" width=\"768\" height=\"1024\" src=\"https:\/\/autosibanez.com\/wp-content\/uploads\/2023\/07\/montaje-motor-reparado-768x1024.jpg\" class=\"attachment-large size-large\" alt=\"\" srcset=\"https:\/\/autosibanez.com\/wp-content\/uploads\/2023\/07\/montaje-motor-reparado-768x1024.jpg 768w, https:\/\/autosibanez.com\/wp-content\/uploads\/2023\/07\/montaje-motor-reparado-225x300.jpg 225w, https:\/\/autosibanez.com\/wp-content\/uploads\/2023\/07\/montaje-motor-reparado-1152x1536.jpg 1152w, https:\/\/autosibanez.com\/wp-content\/uploads\/2023\/07\/montaje-motor-reparado-1536x2048.jpg 1536w, https:\/\/autosibanez.com\/wp-content\/uploads\/2023\/07\/montaje-motor-reparado-scaled.jpg 1920w\" sizes=\"auto, (max-width: 768px) 100vw, 768px\" \/>\t\t\t\t\t\t\n\t\t\t\t\t<\/div>\n\t\t\t\t\t\t\t\t\n<style>\n#image_680016411 {\n  width: 100%;\n}\n<\/style>\n\t<\/div>\n\t\n\n\n\t\t<\/div>\n\t\t\t\t\t<\/div>\n\n\t\n\n\t<div id=\"col-1470162671\" class=\"col medium-6 small-12 large-6 small-col-first\"  >\n\t\t\t\t<div class=\"col-inner\"  >\n\t\t\t\n\t\t\t\n\n<h2><strong>Servicio Personalizado y Atenci\u00f3n al Cliente<\/strong><\/h2>\n<p>En Mec\u00e1nica R\u00e1pida Autos Iba\u00f1ez, valoramos la satisfacci\u00f3n del cliente por encima de todo. Nuestro compromiso es brindarte un servicio personalizado y atento en cada visita a nuestro taller. Desde el momento en que entras por nuestras puertas, ser\u00e1s recibido por nuestro amable equipo que estar\u00e1 dispuesto a escuchar tus necesidades y responder a tus preguntas. Nos esforzamos por proporcionarte una experiencia sin complicaciones, manteni\u00e9ndote informado en cada paso del proceso de reparaci\u00f3n o mantenimiento. Tu confianza es nuestra mayor recompensa, y trabajamos incansablemente para ganarla en cada interacci\u00f3n.<\/p>\n<p>En resumen, en Mec\u00e1nica R\u00e1pida Autos Iba\u00f1ez encontrar\u00e1s un equipo de profesionales comprometidos en brindarte soluciones veloces y eficientes para el cuidado de tu veh\u00edculo. Desde el mantenimiento preventivo hasta reparaciones especializadas y restauraci\u00f3n de veh\u00edculos cl\u00e1sicos, estamos aqu\u00ed para satisfacer todas tus necesidades automotrices. Conf\u00eda en nosotros para mantener tu coche en \u00f3ptimas condiciones y experimenta la excelencia de nuestros servicios en Madrid. \u00a1Vis\u00edtanos hoy y descubre por qu\u00e9 somos el taller preferido por tantos clientes satisfechos!<\/p>\n\n\t\t<\/div>\n\t\t\t\t\t<\/div>\n\n\t\n\n<\/div>\n<div class=\"row\"  id=\"row-535172498\">\n\n\n<\/div>\n\t<div id=\"gap-900456457\" class=\"gap-element clearfix\" style=\"display:block; height:auto;\">\n\t\t\n<style>\n#gap-900456457 {\n  padding-top: 30px;\n}\n<\/style>\n\t<\/div>\n\t\n\n\n\t\t<\/div>\n\n\t\t\n<style>\n#section_2041840827 {\n  padding-top: 30px;\n  padding-bottom: 30px;\n}\n<\/style>\n\t<\/section>","protected":false},"excerpt":{"rendered":"","protected":false},"author":1,"featured_media":0,"parent":0,"menu_order":0,"comment_status":"closed","ping_status":"closed","template":"page-blank.php","meta":{"footnotes":""},"class_list":["post-54","page","type-page","status-publish","hentry"],"yoast_head":"<!-- This site is optimized with the Yoast SEO plugin v25.7 - https:\/\/yoast.com\/wordpress\/plugins\/seo\/ -->\n<title>Mec\u00e1nica r\u00e1pida - Automoviles Iba\u00f1ez<\/title>\n<meta name=\"robots\" content=\"index, follow, max-snippet:-1, max-image-preview:large, max-video-preview:-1\" \/>\n<link rel=\"canonical\" href=\"https:\/\/autosibanez.com\/en\/mecanica-rapida\/\" \/>\n<meta property=\"og:locale\" content=\"en_GB\" \/>\n<meta property=\"og:type\" content=\"article\" \/>\n<meta property=\"og:title\" content=\"Mec\u00e1nica r\u00e1pida - Automoviles Iba\u00f1ez\" \/>\n<meta property=\"og:url\" content=\"https:\/\/autosibanez.com\/en\/mecanica-rapida\/\" \/>\n<meta property=\"og:site_name\" content=\"Automoviles Iba\u00f1ez\" \/>\n<meta property=\"article:modified_time\" content=\"2023-07-27T12:23:27+00:00\" \/>\n<meta property=\"og:image\" content=\"https:\/\/autosibanez.com\/wp-content\/uploads\/2023\/07\/pngwing-1.png\" \/>\n\t<meta property=\"og:image:width\" content=\"745\" \/>\n\t<meta property=\"og:image:height\" content=\"392\" \/>\n\t<meta property=\"og:image:type\" content=\"image\/png\" \/>\n<meta name=\"twitter:card\" content=\"summary_large_image\" \/>\n<script type=\"application\/ld+json\" class=\"yoast-schema-graph\">{\"@context\":\"https:\/\/schema.org\",\"@graph\":[{\"@type\":\"WebPage\",\"@id\":\"https:\/\/autosibanez.com\/mecanica-rapida\/\",\"url\":\"https:\/\/autosibanez.com\/mecanica-rapida\/\",\"name\":\"Mec\u00e1nica r\u00e1pida - Automoviles Iba\u00f1ez\",\"isPartOf\":{\"@id\":\"https:\/\/autosibanez.com\/#website\"},\"datePublished\":\"2023-07-20T14:32:08+00:00\",\"dateModified\":\"2023-07-27T12:23:27+00:00\",\"breadcrumb\":{\"@id\":\"https:\/\/autosibanez.com\/mecanica-rapida\/#breadcrumb\"},\"inLanguage\":\"en-GB\",\"potentialAction\":[{\"@type\":\"ReadAction\",\"target\":[\"https:\/\/autosibanez.com\/mecanica-rapida\/\"]}]},{\"@type\":\"BreadcrumbList\",\"@id\":\"https:\/\/autosibanez.com\/mecanica-rapida\/#breadcrumb\",\"itemListElement\":[{\"@type\":\"ListItem\",\"position\":1,\"name\":\"Portada\",\"item\":\"https:\/\/autosibanez.com\/\"},{\"@type\":\"ListItem\",\"position\":2,\"name\":\"Mec\u00e1nica r\u00e1pida\"}]},{\"@type\":\"WebSite\",\"@id\":\"https:\/\/autosibanez.com\/#website\",\"url\":\"https:\/\/autosibanez.com\/\",\"name\":\"Autom\u00f3viles Iba\u00f1ez - Taller de coches en Madrid\",\"description\":\"Autos Iba\u00f1ez Tu taller de coches de confianza en Madrid\",\"publisher\":{\"@id\":\"https:\/\/autosibanez.com\/#organization\"},\"alternateName\":\"Autos Iba\u00f1ez - Taller de coches en Madrid\",\"potentialAction\":[{\"@type\":\"SearchAction\",\"target\":{\"@type\":\"EntryPoint\",\"urlTemplate\":\"https:\/\/autosibanez.com\/?s={search_term_string}\"},\"query-input\":{\"@type\":\"PropertyValueSpecification\",\"valueRequired\":true,\"valueName\":\"search_term_string\"}}],\"inLanguage\":\"en-GB\"},{\"@type\":\"Organization\",\"@id\":\"https:\/\/autosibanez.com\/#organization\",\"name\":\"Autom\u00f3viles Iba\u00f1ez - Taller de coches en Madrid\",\"url\":\"https:\/\/autosibanez.com\/\",\"logo\":{\"@type\":\"ImageObject\",\"inLanguage\":\"en-GB\",\"@id\":\"https:\/\/autosibanez.com\/#\/schema\/logo\/image\/\",\"url\":\"https:\/\/autosibanez.com\/wp-content\/uploads\/2023\/07\/AUTOS-IBANEZ-LOGO-1.png\",\"contentUrl\":\"https:\/\/autosibanez.com\/wp-content\/uploads\/2023\/07\/AUTOS-IBANEZ-LOGO-1.png\",\"width\":276,\"height\":44,\"caption\":\"Autom\u00f3viles Iba\u00f1ez - Taller de coches en Madrid\"},\"image\":{\"@id\":\"https:\/\/autosibanez.com\/#\/schema\/logo\/image\/\"}}]}<\/script>\n<!-- \/ Yoast SEO plugin. -->","yoast_head_json":{"title":"Mec\u00e1nica r\u00e1pida - Automoviles Iba\u00f1ez","robots":{"index":"index","follow":"follow","max-snippet":"max-snippet:-1","max-image-preview":"max-image-preview:large","max-video-preview":"max-video-preview:-1"},"canonical":"https:\/\/autosibanez.com\/en\/mecanica-rapida\/","og_locale":"en_GB","og_type":"article","og_title":"Mec\u00e1nica r\u00e1pida - Automoviles Iba\u00f1ez","og_url":"https:\/\/autosibanez.com\/en\/mecanica-rapida\/","og_site_name":"Automoviles Iba\u00f1ez","article_modified_time":"2023-07-27T12:23:27+00:00","og_image":[{"width":745,"height":392,"url":"https:\/\/autosibanez.com\/wp-content\/uploads\/2023\/07\/pngwing-1.png","type":"image\/png"}],"twitter_card":"summary_large_image","schema":{"@context":"https:\/\/schema.org","@graph":[{"@type":"WebPage","@id":"https:\/\/autosibanez.com\/mecanica-rapida\/","url":"https:\/\/autosibanez.com\/mecanica-rapida\/","name":"Mec\u00e1nica r\u00e1pida - Automoviles Iba\u00f1ez","isPartOf":{"@id":"https:\/\/autosibanez.com\/#website"},"datePublished":"2023-07-20T14:32:08+00:00","dateModified":"2023-07-27T12:23:27+00:00","breadcrumb":{"@id":"https:\/\/autosibanez.com\/mecanica-rapida\/#breadcrumb"},"inLanguage":"en-GB","potentialAction":[{"@type":"ReadAction","target":["https:\/\/autosibanez.com\/mecanica-rapida\/"]}]},{"@type":"BreadcrumbList","@id":"https:\/\/autosibanez.com\/mecanica-rapida\/#breadcrumb","itemListElement":[{"@type":"ListItem","position":1,"name":"Portada","item":"https:\/\/autosibanez.com\/"},{"@type":"ListItem","position":2,"name":"Mec\u00e1nica r\u00e1pida"}]},{"@type":"WebSite","@id":"https:\/\/autosibanez.com\/#website","url":"https:\/\/autosibanez.com\/","name":"Autom\u00f3viles Iba\u00f1ez - Taller de coches en Madrid","description":"Autos Iba\u00f1ez Tu taller de coches de confianza en Madrid","publisher":{"@id":"https:\/\/autosibanez.com\/#organization"},"alternateName":"Autos Iba\u00f1ez - Taller de coches en Madrid","potentialAction":[{"@type":"SearchAction","target":{"@type":"EntryPoint","urlTemplate":"https:\/\/autosibanez.com\/?s={search_term_string}"},"query-input":{"@type":"PropertyValueSpecification","valueRequired":true,"valueName":"search_term_string"}}],"inLanguage":"en-GB"},{"@type":"Organization","@id":"https:\/\/autosibanez.com\/#organization","name":"Autom\u00f3viles Iba\u00f1ez - Taller de coches en Madrid","url":"https:\/\/autosibanez.com\/","logo":{"@type":"ImageObject","inLanguage":"en-GB","@id":"https:\/\/autosibanez.com\/#\/schema\/logo\/image\/","url":"https:\/\/autosibanez.com\/wp-content\/uploads\/2023\/07\/AUTOS-IBANEZ-LOGO-1.png","contentUrl":"https:\/\/autosibanez.com\/wp-content\/uploads\/2023\/07\/AUTOS-IBANEZ-LOGO-1.png","width":276,"height":44,"caption":"Autom\u00f3viles Iba\u00f1ez - Taller de coches en Madrid"},"image":{"@id":"https:\/\/autosibanez.com\/#\/schema\/logo\/image\/"}}]}},"_links":{"self":[{"href":"https:\/\/autosibanez.com\/en\/wp-json\/wp\/v2\/pages\/54","targetHints":{"allow":["GET"]}}],"collection":[{"href":"https:\/\/autosibanez.com\/en\/wp-json\/wp\/v2\/pages"}],"about":[{"href":"https:\/\/autosibanez.com\/en\/wp-json\/wp\/v2\/types\/page"}],"author":[{"embeddable":true,"href":"https:\/\/autosibanez.com\/en\/wp-json\/wp\/v2\/users\/1"}],"replies":[{"embeddable":true,"href":"https:\/\/autosibanez.com\/en\/wp-json\/wp\/v2\/comments?post=54"}],"version-history":[{"count":0,"href":"https:\/\/autosibanez.com\/en\/wp-json\/wp\/v2\/pages\/54\/revisions"}],"wp:attachment":[{"href":"https:\/\/autosibanez.com\/en\/wp-json\/wp\/v2\/media?parent=54"}],"curies":[{"name":"wp","href":"https:\/\/api.w.org\/{rel}","templated":true}]}}