{"id":39,"date":"2023-07-20T14:23:05","date_gmt":"2023-07-20T14:23:05","guid":{"rendered":"https:\/\/autosibanez.com\/?page_id=39"},"modified":"2023-07-28T08:46:43","modified_gmt":"2023-07-28T08:46:43","slug":"servicios","status":"publish","type":"page","link":"https:\/\/autosibanez.com\/en\/servicios\/","title":{"rendered":"Services"},"content":{"rendered":"<div class=\"slider-wrapper relative\" id=\"slider-507463936\" >\n    <div class=\"slider slider-nav-circle slider-nav-large slider-nav-light slider-style-normal\"\n        data-flickity-options='{            \"cellAlign\": \"center\",            \"imagesLoaded\": true,            \"lazyLoad\": 1,            \"freeScroll\": false,            \"wrapAround\": true,            \"autoPlay\": 6000,            \"pauseAutoPlayOnHover\" : true,            \"prevNextButtons\": true,            \"contain\" : true,            \"adaptiveHeight\" : true,            \"dragThreshold\" : 10,            \"percentPosition\": true,            \"pageDots\": true,            \"rightToLeft\": false,            \"draggable\": true,            \"selectedAttraction\": 0.1,            \"parallax\" : 0,            \"friction\": 0.6        }'\n        >\n        \n\n\n  <div class=\"banner has-hover\" id=\"banner-9666201\">\n          <div class=\"banner-inner fill\">\n        <div class=\"banner-bg fill\" >\n            <div class=\"bg fill bg-fill\"><\/div>\n                                    \n                    <\/div>\n\t\t\n        <div class=\"banner-layers container\">\n            <div class=\"fill banner-link\"><\/div>            \n\n   <div id=\"text-box-2080878954\" class=\"text-box banner-layer x50 md-x50 lg-x50 y50 md-y50 lg-y50 res-text\">\n                                <div class=\"text-box-content text dark\">\n              \n              <div class=\"text-inner text-center\">\n                  \n\n<h1 class=\"uppercase\"><strong>SERVICES<\/strong><\/h1>\n<h3><strong>Descubre los servicios del taller de coches Autos Iba\u00f1ez<\/strong><\/h3>\n\n              <\/div>\n           <\/div>\n                            \n<style>\n#text-box-2080878954 {\n  width: 81%;\n}\n#text-box-2080878954 .text-box-content {\n  font-size: 100%;\n}\n<\/style>\n    <\/div>\n \n\n        <\/div>\n      <\/div>\n\n            \n<style>\n#banner-9666201 {\n  padding-top: 300px;\n}\n#banner-9666201 .bg.bg-loaded {\n  background-image: url(https:\/\/autosibanez.com\/wp-content\/uploads\/2023\/07\/bandera-quaddros-01-01-01-1-1024x503.png);\n}\n#banner-9666201 .bg {\n  background-position: 0% 93%;\n}\n<\/style>\n  <\/div>\n\n\n\n     <\/div>\n\n     <div class=\"loading-spin dark large centered\"><\/div>\n\n\t<\/div>\n\n\n\t<section class=\"section\" id=\"section_1059596169\">\n\t\t<div class=\"bg section-bg fill bg-fill  bg-loaded\" >\n\n\t\t\t\n\t\t\t\n\t\t\t\n\n\t\t<\/div>\n\n\t\t\n\n\t\t<div class=\"section-content relative\">\n\t\t\t\n\n<div class=\"row\"  id=\"row-198111603\">\n\n\n\t<div id=\"col-631857518\" class=\"col medium-4 small-12 large-4\"  >\n\t\t\t\t<div class=\"col-inner\"  >\n\t\t\t\n\t\t\t\n\n\n  <div class=\"banner has-hover bg-overlay-remove\" id=\"banner-1518991758\">\n          <div class=\"banner-inner fill\">\n        <div class=\"banner-bg fill\" >\n            <div class=\"bg fill bg-fill\"><\/div>\n                        <div class=\"overlay\"><\/div>            \n                    <\/div>\n\t\t\n        <div class=\"banner-layers container\">\n            <div class=\"fill banner-link\"><\/div>            \n\n   <div id=\"text-box-980191104\" class=\"text-box banner-layer x50 md-x50 lg-x50 y50 md-y50 lg-y50 res-text\">\n                                <div class=\"text-box-content text dark\">\n              \n              <div class=\"text-inner text-center\">\n                  \n\n\t<div id=\"text-1599290641\" class=\"text\">\n\t\t\n\n<h3 class=\"uppercase\"><strong>MAINTENANCE<\/strong><\/h3>\n<p>Mantenimiento en Autos Iba\u00f1ez &#8211; Cuida tu Coche con Nuestro Servicio Profesional y Preventivo.<\/p>\n\t\t\n<style>\n#text-1599290641 {\n  font-size: 0.9rem;\n  text-align: center;\n  color: rgb(255, 255, 255);\n}\n#text-1599290641 > * {\n  color: rgb(255, 255, 255);\n}\n<\/style>\n\t<\/div>\n\t\n\n              <\/div>\n           <\/div>\n                            \n<style>\n#text-box-980191104 {\n  width: 81%;\n}\n#text-box-980191104 .text-box-content {\n  font-size: 100%;\n}\n<\/style>\n    <\/div>\n \n\n        <\/div>\n      <\/div>\n\n            \n<style>\n#banner-1518991758 {\n  padding-top: 500px;\n}\n#banner-1518991758 .bg.bg-loaded {\n  background-image: url(https:\/\/autosibanez.com\/wp-content\/uploads\/2023\/07\/baterias-coches-sutos-ibanez-1024x683.jpg);\n}\n#banner-1518991758 .overlay {\n  background-color: rgba(0, 44, 123, 0.5);\n}\n#banner-1518991758 .bg {\n  background-position: 74% 51%;\n}\n<\/style>\n  <\/div>\n\n\n\n\t\t<\/div>\n\t\t\t\t\t<\/div>\n\n\t\n\n\t<div id=\"col-415917966\" class=\"col medium-4 small-12 large-4\"  >\n\t\t\t\t<div class=\"col-inner\"  >\n\t\t\t\n\t\t\t\n\n\n  <div class=\"banner has-hover bg-overlay-remove\" id=\"banner-31357277\">\n          <div class=\"banner-inner fill\">\n        <div class=\"banner-bg fill\" >\n            <div class=\"bg fill bg-fill\"><\/div>\n                        <div class=\"overlay\"><\/div>            \n                    <\/div>\n\t\t\n        <div class=\"banner-layers container\">\n            <div class=\"fill banner-link\"><\/div>            \n\n   <div id=\"text-box-387623212\" class=\"text-box banner-layer x50 md-x50 lg-x50 y50 md-y50 lg-y50 res-text\">\n                                <div class=\"text-box-content text dark\">\n              \n              <div class=\"text-inner text-center\">\n                  \n\n\t<div id=\"text-351245726\" class=\"text\">\n\t\t\n\n<h3 class=\"uppercase\"><strong>MEC\u00c1NICA GENERAL<\/strong><\/h3>\n<p>Mec\u00e1nica General en Madrid &#8211; Soluciones Expertas para Reparaciones y Ajustes de tu Veh\u00edculo.<\/p>\n\t\t\n<style>\n#text-351245726 {\n  font-size: 0.9rem;\n}\n<\/style>\n\t<\/div>\n\t\n\n              <\/div>\n           <\/div>\n                            \n<style>\n#text-box-387623212 {\n  width: 89%;\n}\n#text-box-387623212 .text-box-content {\n  font-size: 100%;\n}\n<\/style>\n    <\/div>\n \n\n        <\/div>\n      <\/div>\n\n            \n<style>\n#banner-31357277 {\n  padding-top: 500px;\n}\n#banner-31357277 .bg.bg-loaded {\n  background-image: url(https:\/\/autosibanez.com\/wp-content\/uploads\/2023\/07\/reparacion-coches-clasicos-madrid-taller-coches-autos-ibanez-distribucion-de-cadena-768x1024.jpg);\n}\n#banner-31357277 .overlay {\n  background-color: rgba(0, 44, 123, 0.5);\n}\n<\/style>\n  <\/div>\n\n\n\n\t\t<\/div>\n\t\t\t\t\t<\/div>\n\n\t\n\n\t<div id=\"col-1886027652\" class=\"col medium-4 small-12 large-4\"  >\n\t\t\t\t<div class=\"col-inner\"  >\n\t\t\t\n\t\t\t\n\n\n  <div class=\"banner has-hover bg-overlay-remove\" id=\"banner-1509079679\">\n          <div class=\"banner-inner fill\">\n        <div class=\"banner-bg fill\" >\n            <div class=\"bg fill bg-fill\"><\/div>\n                        <div class=\"overlay\"><\/div>            \n                    <\/div>\n\t\t\n        <div class=\"banner-layers container\">\n            <div class=\"fill banner-link\"><\/div>            \n\n   <div id=\"text-box-1339982587\" class=\"text-box banner-layer x50 md-x50 lg-x50 y50 md-y50 lg-y50 res-text\">\n                                <div class=\"text-box-content text dark\">\n              \n              <div class=\"text-inner text-center\">\n                  \n\n\t<div id=\"text-227627009\" class=\"text\">\n\t\t\n\n<h3 class=\"uppercase\"><strong>RESTAURACI\u00d3N DE CL\u00c1SICOS<\/strong><\/h3>\n<p>Devolvemos la elegancia vintage a tu tesoro automovil\u00edstico.<\/p>\n\t\t\n<style>\n#text-227627009 {\n  font-size: 0.9rem;\n}\n<\/style>\n\t<\/div>\n\t\n\n              <\/div>\n           <\/div>\n                            \n<style>\n#text-box-1339982587 {\n  width: 72%;\n}\n#text-box-1339982587 .text-box-content {\n  font-size: 100%;\n}\n<\/style>\n    <\/div>\n \n\n        <\/div>\n      <\/div>\n\n            \n<style>\n#banner-1509079679 {\n  padding-top: 500px;\n}\n#banner-1509079679 .bg.bg-loaded {\n  background-image: url(https:\/\/autosibanez.com\/wp-content\/uploads\/2023\/07\/reparacion-coches-clasicos-madrid-taller-coches-autos-ibanez-9.jpg);\n}\n#banner-1509079679 .overlay {\n  background-color: rgba(0, 44, 123, 0.5);\n}\n<\/style>\n  <\/div>\n\n\n\n\t\t<\/div>\n\t\t\t\t\t<\/div>\n\n\t\n\n<\/div>\n\n\t\t<\/div>\n\n\t\t\n<style>\n#section_1059596169 {\n  padding-top: 30px;\n  padding-bottom: 30px;\n}\n<\/style>\n\t<\/section>","protected":false},"excerpt":{"rendered":"","protected":false},"author":1,"featured_media":0,"parent":0,"menu_order":0,"comment_status":"closed","ping_status":"closed","template":"page-blank.php","meta":{"footnotes":""},"class_list":["post-39","page","type-page","status-publish","hentry"],"yoast_head":"<!-- This site is optimized with the Yoast SEO plugin v25.7 - https:\/\/yoast.com\/wordpress\/plugins\/seo\/ -->\n<title>Servicios - Automoviles Iba\u00f1ez<\/title>\n<meta name=\"robots\" content=\"index, follow, max-snippet:-1, max-image-preview:large, max-video-preview:-1\" \/>\n<link rel=\"canonical\" href=\"https:\/\/autosibanez.com\/en\/servicios\/\" \/>\n<meta property=\"og:locale\" content=\"en_GB\" \/>\n<meta property=\"og:type\" content=\"article\" \/>\n<meta property=\"og:title\" content=\"Servicios - Automoviles Iba\u00f1ez\" \/>\n<meta property=\"og:url\" content=\"https:\/\/autosibanez.com\/en\/servicios\/\" \/>\n<meta property=\"og:site_name\" content=\"Automoviles Iba\u00f1ez\" \/>\n<meta property=\"article:modified_time\" content=\"2023-07-28T08:46:43+00:00\" \/>\n<meta property=\"og:image\" content=\"https:\/\/autosibanez.com\/wp-content\/uploads\/2023\/07\/pngwing-1.png\" \/>\n\t<meta property=\"og:image:width\" content=\"745\" \/>\n\t<meta property=\"og:image:height\" content=\"392\" \/>\n\t<meta property=\"og:image:type\" content=\"image\/png\" \/>\n<meta name=\"twitter:card\" content=\"summary_large_image\" \/>\n<meta name=\"twitter:label1\" content=\"Estimated reading time\" \/>\n\t<meta name=\"twitter:data1\" content=\"1 minute\" \/>\n<script type=\"application\/ld+json\" class=\"yoast-schema-graph\">{\"@context\":\"https:\/\/schema.org\",\"@graph\":[{\"@type\":\"WebPage\",\"@id\":\"https:\/\/autosibanez.com\/servicios\/\",\"url\":\"https:\/\/autosibanez.com\/servicios\/\",\"name\":\"Servicios - Automoviles Iba\u00f1ez\",\"isPartOf\":{\"@id\":\"https:\/\/autosibanez.com\/#website\"},\"datePublished\":\"2023-07-20T14:23:05+00:00\",\"dateModified\":\"2023-07-28T08:46:43+00:00\",\"breadcrumb\":{\"@id\":\"https:\/\/autosibanez.com\/servicios\/#breadcrumb\"},\"inLanguage\":\"en-GB\",\"potentialAction\":[{\"@type\":\"ReadAction\",\"target\":[\"https:\/\/autosibanez.com\/servicios\/\"]}]},{\"@type\":\"BreadcrumbList\",\"@id\":\"https:\/\/autosibanez.com\/servicios\/#breadcrumb\",\"itemListElement\":[{\"@type\":\"ListItem\",\"position\":1,\"name\":\"Portada\",\"item\":\"https:\/\/autosibanez.com\/\"},{\"@type\":\"ListItem\",\"position\":2,\"name\":\"Servicios\"}]},{\"@type\":\"WebSite\",\"@id\":\"https:\/\/autosibanez.com\/#website\",\"url\":\"https:\/\/autosibanez.com\/\",\"name\":\"Autom\u00f3viles Iba\u00f1ez - Taller de coches en Madrid\",\"description\":\"Autos Iba\u00f1ez Tu taller de coches de confianza en Madrid\",\"publisher\":{\"@id\":\"https:\/\/autosibanez.com\/#organization\"},\"alternateName\":\"Autos Iba\u00f1ez - Taller de coches en Madrid\",\"potentialAction\":[{\"@type\":\"SearchAction\",\"target\":{\"@type\":\"EntryPoint\",\"urlTemplate\":\"https:\/\/autosibanez.com\/?s={search_term_string}\"},\"query-input\":{\"@type\":\"PropertyValueSpecification\",\"valueRequired\":true,\"valueName\":\"search_term_string\"}}],\"inLanguage\":\"en-GB\"},{\"@type\":\"Organization\",\"@id\":\"https:\/\/autosibanez.com\/#organization\",\"name\":\"Autom\u00f3viles Iba\u00f1ez - Taller de coches en Madrid\",\"url\":\"https:\/\/autosibanez.com\/\",\"logo\":{\"@type\":\"ImageObject\",\"inLanguage\":\"en-GB\",\"@id\":\"https:\/\/autosibanez.com\/#\/schema\/logo\/image\/\",\"url\":\"https:\/\/autosibanez.com\/wp-content\/uploads\/2023\/07\/AUTOS-IBANEZ-LOGO-1.png\",\"contentUrl\":\"https:\/\/autosibanez.com\/wp-content\/uploads\/2023\/07\/AUTOS-IBANEZ-LOGO-1.png\",\"width\":276,\"height\":44,\"caption\":\"Autom\u00f3viles Iba\u00f1ez - Taller de coches en Madrid\"},\"image\":{\"@id\":\"https:\/\/autosibanez.com\/#\/schema\/logo\/image\/\"}}]}<\/script>\n<!-- \/ Yoast SEO plugin. -->","yoast_head_json":{"title":"Servicios - Automoviles Iba\u00f1ez","robots":{"index":"index","follow":"follow","max-snippet":"max-snippet:-1","max-image-preview":"max-image-preview:large","max-video-preview":"max-video-preview:-1"},"canonical":"https:\/\/autosibanez.com\/en\/servicios\/","og_locale":"en_GB","og_type":"article","og_title":"Servicios - Automoviles Iba\u00f1ez","og_url":"https:\/\/autosibanez.com\/en\/servicios\/","og_site_name":"Automoviles Iba\u00f1ez","article_modified_time":"2023-07-28T08:46:43+00:00","og_image":[{"width":745,"height":392,"url":"https:\/\/autosibanez.com\/wp-content\/uploads\/2023\/07\/pngwing-1.png","type":"image\/png"}],"twitter_card":"summary_large_image","twitter_misc":{"Estimated reading time":"1 minute"},"schema":{"@context":"https:\/\/schema.org","@graph":[{"@type":"WebPage","@id":"https:\/\/autosibanez.com\/servicios\/","url":"https:\/\/autosibanez.com\/servicios\/","name":"Servicios - Automoviles Iba\u00f1ez","isPartOf":{"@id":"https:\/\/autosibanez.com\/#website"},"datePublished":"2023-07-20T14:23:05+00:00","dateModified":"2023-07-28T08:46:43+00:00","breadcrumb":{"@id":"https:\/\/autosibanez.com\/servicios\/#breadcrumb"},"inLanguage":"en-GB","potentialAction":[{"@type":"ReadAction","target":["https:\/\/autosibanez.com\/servicios\/"]}]},{"@type":"BreadcrumbList","@id":"https:\/\/autosibanez.com\/servicios\/#breadcrumb","itemListElement":[{"@type":"ListItem","position":1,"name":"Portada","item":"https:\/\/autosibanez.com\/"},{"@type":"ListItem","position":2,"name":"Servicios"}]},{"@type":"WebSite","@id":"https:\/\/autosibanez.com\/#website","url":"https:\/\/autosibanez.com\/","name":"Autom\u00f3viles Iba\u00f1ez - Taller de coches en Madrid","description":"Autos Iba\u00f1ez Tu taller de coches de confianza en Madrid","publisher":{"@id":"https:\/\/autosibanez.com\/#organization"},"alternateName":"Autos Iba\u00f1ez - Taller de coches en Madrid","potentialAction":[{"@type":"SearchAction","target":{"@type":"EntryPoint","urlTemplate":"https:\/\/autosibanez.com\/?s={search_term_string}"},"query-input":{"@type":"PropertyValueSpecification","valueRequired":true,"valueName":"search_term_string"}}],"inLanguage":"en-GB"},{"@type":"Organization","@id":"https:\/\/autosibanez.com\/#organization","name":"Autom\u00f3viles Iba\u00f1ez - Taller de coches en Madrid","url":"https:\/\/autosibanez.com\/","logo":{"@type":"ImageObject","inLanguage":"en-GB","@id":"https:\/\/autosibanez.com\/#\/schema\/logo\/image\/","url":"https:\/\/autosibanez.com\/wp-content\/uploads\/2023\/07\/AUTOS-IBANEZ-LOGO-1.png","contentUrl":"https:\/\/autosibanez.com\/wp-content\/uploads\/2023\/07\/AUTOS-IBANEZ-LOGO-1.png","width":276,"height":44,"caption":"Autom\u00f3viles Iba\u00f1ez - Taller de coches en Madrid"},"image":{"@id":"https:\/\/autosibanez.com\/#\/schema\/logo\/image\/"}}]}},"_links":{"self":[{"href":"https:\/\/autosibanez.com\/en\/wp-json\/wp\/v2\/pages\/39","targetHints":{"allow":["GET"]}}],"collection":[{"href":"https:\/\/autosibanez.com\/en\/wp-json\/wp\/v2\/pages"}],"about":[{"href":"https:\/\/autosibanez.com\/en\/wp-json\/wp\/v2\/types\/page"}],"author":[{"embeddable":true,"href":"https:\/\/autosibanez.com\/en\/wp-json\/wp\/v2\/users\/1"}],"replies":[{"embeddable":true,"href":"https:\/\/autosibanez.com\/en\/wp-json\/wp\/v2\/comments?post=39"}],"version-history":[{"count":0,"href":"https:\/\/autosibanez.com\/en\/wp-json\/wp\/v2\/pages\/39\/revisions"}],"wp:attachment":[{"href":"https:\/\/autosibanez.com\/en\/wp-json\/wp\/v2\/media?parent=39"}],"curies":[{"name":"wp","href":"https:\/\/api.w.org\/{rel}","templated":true}]}}