{"id":116,"date":"2023-07-20T14:52:57","date_gmt":"2023-07-20T14:52:57","guid":{"rendered":"https:\/\/autosibanez.com\/?page_id=116"},"modified":"2023-07-27T13:39:20","modified_gmt":"2023-07-27T13:39:20","slug":"trabajos-basicos-de-soldadura","status":"publish","type":"page","link":"https:\/\/autosibanez.com\/en\/restauracion-de-clasicos\/trabajos-basicos-de-soldadura\/","title":{"rendered":"Basic works of welding"},"content":{"rendered":"<div class=\"slider-wrapper relative\" id=\"slider-1013932097\" >\n    <div class=\"slider slider-nav-circle slider-nav-large slider-nav-light slider-style-normal\"\n        data-flickity-options='{            \"cellAlign\": \"center\",            \"imagesLoaded\": true,            \"lazyLoad\": 1,            \"freeScroll\": false,            \"wrapAround\": true,            \"autoPlay\": 6000,            \"pauseAutoPlayOnHover\" : true,            \"prevNextButtons\": true,            \"contain\" : true,            \"adaptiveHeight\" : true,            \"dragThreshold\" : 10,            \"percentPosition\": true,            \"pageDots\": true,            \"rightToLeft\": false,            \"draggable\": true,            \"selectedAttraction\": 0.1,            \"parallax\" : 0,            \"friction\": 0.6        }'\n        >\n        \n\n\n  <div class=\"banner has-hover\" id=\"banner-383447157\">\n          <div class=\"banner-inner fill\">\n        <div class=\"banner-bg fill\" >\n            <div class=\"bg fill bg-fill\"><\/div>\n                                    \n                    <\/div>\n\t\t\n        <div class=\"banner-layers container\">\n            <div class=\"fill banner-link\"><\/div>            \n\n   <div id=\"text-box-798364704\" class=\"text-box banner-layer x50 md-x50 lg-x50 y50 md-y50 lg-y50 res-text\">\n                                <div class=\"text-box-content text dark\">\n              \n              <div class=\"text-inner text-center\">\n                  \n\n<h1 class=\"uppercase\"><strong>Trabajos de Soldadura<\/strong><\/h1>\n<h3><strong>Trabajos b\u00e1sicos de soldadura para autos cl\u00e1sicos<\/strong><\/h3>\n\n              <\/div>\n           <\/div>\n                            \n<style>\n#text-box-798364704 {\n  width: 75%;\n}\n#text-box-798364704 .text-box-content {\n  font-size: 100%;\n}\n<\/style>\n    <\/div>\n \n\n        <\/div>\n      <\/div>\n\n            \n<style>\n#banner-383447157 {\n  padding-top: 300px;\n}\n#banner-383447157 .bg.bg-loaded {\n  background-image: url(https:\/\/autosibanez.com\/wp-content\/uploads\/2023\/07\/bandera-quaddros-01-01-01-1-1024x503.png);\n}\n<\/style>\n  <\/div>\n\n\n\n     <\/div>\n\n     <div class=\"loading-spin dark large centered\"><\/div>\n\n\t<\/div>\n\n\n<div class=\"row\"  id=\"row-1857142474\">\n\n\n\t<div id=\"col-584193246\" class=\"col medium-6 small-12 large-6\"  >\n\t\t\t\t<div class=\"col-inner\"  >\n\t\t\t\n\t\t\t\n\n\t<div id=\"gap-981794302\" class=\"gap-element clearfix\" style=\"display:block; height:auto;\">\n\t\t\n<style>\n#gap-981794302 {\n  padding-top: 0px;\n}\n@media (min-width:550px) {\n  #gap-981794302 {\n    padding-top: 30px;\n  }\n}\n<\/style>\n\t<\/div>\n\t\n\n<h2>Servicio de Soldadura para Autos Cl\u00e1sicos &#8211; Restauraci\u00f3n con Precisi\u00f3n y Cuidado<\/h2>\n<p>En Autos Iba\u00f1ez, ofrecemos un servicio experto de trabajos b\u00e1sicos de soldadura para autos cl\u00e1sicos, garantizando una restauraci\u00f3n precisa y cuidadosa. Nuestro equipo de especialistas en soldadura est\u00e1 altamente capacitado para reparar y reforzar las estructuras de tu veh\u00edculo cl\u00e1sico con meticulosa atenci\u00f3n al detalle. Desde peque\u00f1as reparaciones hasta trabajos m\u00e1s extensos, conf\u00eda en nosotros para mantener la autenticidad y el encanto vintage de tu coche cl\u00e1sico a trav\u00e9s de nuestros servicios de soldadura.<\/p>\n<p>\u00a0<\/p>\n\n\t\t<\/div>\n\t\t\t\t\t<\/div>\n\n\t\n\n\t<div id=\"col-1675369242\" class=\"col medium-6 small-12 large-6\"  >\n\t\t\t\t<div class=\"col-inner\"  >\n\t\t\t\n\t\t\t\n\n\t<div class=\"img has-hover x md-x lg-x y md-y lg-y\" id=\"image_1499757266\">\n\t\t\t\t\t\t\t\t<div class=\"img-inner image-cover dark\" style=\"padding-top:75%;\">\n\t\t\t<img loading=\"lazy\" decoding=\"async\" width=\"768\" height=\"1024\" src=\"https:\/\/autosibanez.com\/wp-content\/uploads\/2023\/07\/reparacion-coches-clasicos-madrid-taller-coches-autos-ibanez-768x1024.jpg\" class=\"attachment-large size-large\" alt=\"\" srcset=\"https:\/\/autosibanez.com\/wp-content\/uploads\/2023\/07\/reparacion-coches-clasicos-madrid-taller-coches-autos-ibanez-768x1024.jpg 768w, https:\/\/autosibanez.com\/wp-content\/uploads\/2023\/07\/reparacion-coches-clasicos-madrid-taller-coches-autos-ibanez-225x300.jpg 225w, https:\/\/autosibanez.com\/wp-content\/uploads\/2023\/07\/reparacion-coches-clasicos-madrid-taller-coches-autos-ibanez-1152x1536.jpg 1152w, https:\/\/autosibanez.com\/wp-content\/uploads\/2023\/07\/reparacion-coches-clasicos-madrid-taller-coches-autos-ibanez-1536x2048.jpg 1536w, https:\/\/autosibanez.com\/wp-content\/uploads\/2023\/07\/reparacion-coches-clasicos-madrid-taller-coches-autos-ibanez-scaled.jpg 1920w\" sizes=\"auto, (max-width: 768px) 100vw, 768px\" \/>\t\t\t\t\t\t\n\t\t\t\t\t<\/div>\n\t\t\t\t\t\t\t\t\n<style>\n#image_1499757266 {\n  width: 100%;\n}\n<\/style>\n\t<\/div>\n\t\n\n\n\t\t<\/div>\n\t\t\t\t\t<\/div>\n\n\t\n\n<\/div>\n<div class=\"row\"  id=\"row-342798850\">\n\n\n\t<div id=\"col-1762697334\" class=\"col medium-6 small-12 large-6\"  >\n\t\t\t\t<div class=\"col-inner\"  >\n\t\t\t\n\t\t\t\n\n\t<div class=\"img has-hover x md-x lg-x y md-y lg-y\" id=\"image_262674417\">\n\t\t\t\t\t\t\t\t<div class=\"img-inner image-cover dark\" style=\"padding-top:75%;\">\n\t\t\t<img loading=\"lazy\" decoding=\"async\" width=\"1020\" height=\"524\" src=\"https:\/\/autosibanez.com\/wp-content\/uploads\/2023\/07\/reparacion-coches-clasicos-madrid-taller-coches-autos-ibanez-9.jpg\" class=\"attachment-large size-large\" alt=\"\" srcset=\"https:\/\/autosibanez.com\/wp-content\/uploads\/2023\/07\/reparacion-coches-clasicos-madrid-taller-coches-autos-ibanez-9.jpg 1024w, https:\/\/autosibanez.com\/wp-content\/uploads\/2023\/07\/reparacion-coches-clasicos-madrid-taller-coches-autos-ibanez-9-300x154.jpg 300w, https:\/\/autosibanez.com\/wp-content\/uploads\/2023\/07\/reparacion-coches-clasicos-madrid-taller-coches-autos-ibanez-9-768x395.jpg 768w\" sizes=\"auto, (max-width: 1020px) 100vw, 1020px\" \/>\t\t\t\t\t\t\n\t\t\t\t\t<\/div>\n\t\t\t\t\t\t\t\t\n<style>\n#image_262674417 {\n  width: 100%;\n}\n<\/style>\n\t<\/div>\n\t\n\n\n\t\t<\/div>\n\t\t\t\t\t<\/div>\n\n\t\n\n\t<div id=\"col-1300754145\" class=\"col medium-6 small-12 large-6\"  >\n\t\t\t\t<div class=\"col-inner\"  >\n\t\t\t\n\t\t\t\n\n\t<div id=\"gap-1123799141\" class=\"gap-element clearfix\" style=\"display:block; height:auto;\">\n\t\t\n<style>\n#gap-1123799141 {\n  padding-top: 30px;\n}\n<\/style>\n\t<\/div>\n\t\n\n<h2>Restauraci\u00f3n con Habilidad &#8211; Expertos en Trabajos B\u00e1sicos de Soldadura<\/h2>\n<p>En Autos Iba\u00f1ez, entendemos la importancia de la soldadura precisa en la restauraci\u00f3n de autos cl\u00e1sicos. Nuestro servicio de trabajos b\u00e1sicos de soldadura te ofrece soluciones duraderas para mantener la integridad estructural de tu coche cl\u00e1sico. Con una combinaci\u00f3n de habilidades t\u00e9cnicas y experiencia en la restauraci\u00f3n de autos antiguos, nuestro equipo de especialistas en soldadura realizar\u00e1 las reparaciones necesarias para preservar la autenticidad y originalidad de tu veh\u00edculo. Conf\u00eda en nosotros para restaurar con habilidad tu coche cl\u00e1sico y disfruta de una conducci\u00f3n segura y sin preocupaciones.<\/p>\n\n\t\t<\/div>\n\t\t\t\t\t<\/div>\n\n\t\n\n<\/div>","protected":false},"excerpt":{"rendered":"","protected":false},"author":1,"featured_media":0,"parent":58,"menu_order":0,"comment_status":"closed","ping_status":"closed","template":"page-blank.php","meta":{"footnotes":""},"class_list":["post-116","page","type-page","status-publish","hentry"],"yoast_head":"<!-- This site is optimized with the Yoast SEO plugin v25.7 - https:\/\/yoast.com\/wordpress\/plugins\/seo\/ -->\n<title>Trabajos b\u00e1sicos de soldadura - Automoviles Iba\u00f1ez<\/title>\n<meta name=\"robots\" content=\"index, follow, max-snippet:-1, max-image-preview:large, max-video-preview:-1\" \/>\n<link rel=\"canonical\" href=\"https:\/\/autosibanez.com\/en\/restauracion-de-clasicos\/trabajos-basicos-de-soldadura\/\" \/>\n<meta property=\"og:locale\" content=\"en_GB\" \/>\n<meta property=\"og:type\" content=\"article\" \/>\n<meta property=\"og:title\" content=\"Trabajos b\u00e1sicos de soldadura - Automoviles Iba\u00f1ez\" \/>\n<meta property=\"og:url\" content=\"https:\/\/autosibanez.com\/en\/restauracion-de-clasicos\/trabajos-basicos-de-soldadura\/\" \/>\n<meta property=\"og:site_name\" content=\"Automoviles Iba\u00f1ez\" \/>\n<meta property=\"article:modified_time\" content=\"2023-07-27T13:39:20+00:00\" \/>\n<meta property=\"og:image\" content=\"https:\/\/autosibanez.com\/wp-content\/uploads\/2023\/07\/pngwing-1.png\" \/>\n\t<meta property=\"og:image:width\" content=\"745\" \/>\n\t<meta property=\"og:image:height\" content=\"392\" \/>\n\t<meta property=\"og:image:type\" content=\"image\/png\" \/>\n<meta name=\"twitter:card\" content=\"summary_large_image\" \/>\n<meta name=\"twitter:label1\" content=\"Estimated reading time\" \/>\n\t<meta name=\"twitter:data1\" content=\"1 minute\" \/>\n<script type=\"application\/ld+json\" class=\"yoast-schema-graph\">{\"@context\":\"https:\/\/schema.org\",\"@graph\":[{\"@type\":\"WebPage\",\"@id\":\"https:\/\/autosibanez.com\/restauracion-de-clasicos\/trabajos-basicos-de-soldadura\/\",\"url\":\"https:\/\/autosibanez.com\/restauracion-de-clasicos\/trabajos-basicos-de-soldadura\/\",\"name\":\"Trabajos b\u00e1sicos de soldadura - Automoviles Iba\u00f1ez\",\"isPartOf\":{\"@id\":\"https:\/\/autosibanez.com\/#website\"},\"datePublished\":\"2023-07-20T14:52:57+00:00\",\"dateModified\":\"2023-07-27T13:39:20+00:00\",\"breadcrumb\":{\"@id\":\"https:\/\/autosibanez.com\/restauracion-de-clasicos\/trabajos-basicos-de-soldadura\/#breadcrumb\"},\"inLanguage\":\"en-GB\",\"potentialAction\":[{\"@type\":\"ReadAction\",\"target\":[\"https:\/\/autosibanez.com\/restauracion-de-clasicos\/trabajos-basicos-de-soldadura\/\"]}]},{\"@type\":\"BreadcrumbList\",\"@id\":\"https:\/\/autosibanez.com\/restauracion-de-clasicos\/trabajos-basicos-de-soldadura\/#breadcrumb\",\"itemListElement\":[{\"@type\":\"ListItem\",\"position\":1,\"name\":\"Portada\",\"item\":\"https:\/\/autosibanez.com\/\"},{\"@type\":\"ListItem\",\"position\":2,\"name\":\"Restauraci\u00f3n de cl\u00e1sicos\",\"item\":\"https:\/\/autosibanez.com\/restauracion-de-clasicos\/\"},{\"@type\":\"ListItem\",\"position\":3,\"name\":\"Trabajos b\u00e1sicos de soldadura\"}]},{\"@type\":\"WebSite\",\"@id\":\"https:\/\/autosibanez.com\/#website\",\"url\":\"https:\/\/autosibanez.com\/\",\"name\":\"Autom\u00f3viles Iba\u00f1ez - Taller de coches en Madrid\",\"description\":\"Autos Iba\u00f1ez Tu taller de coches de confianza en Madrid\",\"publisher\":{\"@id\":\"https:\/\/autosibanez.com\/#organization\"},\"alternateName\":\"Autos Iba\u00f1ez - Taller de coches en Madrid\",\"potentialAction\":[{\"@type\":\"SearchAction\",\"target\":{\"@type\":\"EntryPoint\",\"urlTemplate\":\"https:\/\/autosibanez.com\/?s={search_term_string}\"},\"query-input\":{\"@type\":\"PropertyValueSpecification\",\"valueRequired\":true,\"valueName\":\"search_term_string\"}}],\"inLanguage\":\"en-GB\"},{\"@type\":\"Organization\",\"@id\":\"https:\/\/autosibanez.com\/#organization\",\"name\":\"Autom\u00f3viles Iba\u00f1ez - Taller de coches en Madrid\",\"url\":\"https:\/\/autosibanez.com\/\",\"logo\":{\"@type\":\"ImageObject\",\"inLanguage\":\"en-GB\",\"@id\":\"https:\/\/autosibanez.com\/#\/schema\/logo\/image\/\",\"url\":\"https:\/\/autosibanez.com\/wp-content\/uploads\/2023\/07\/AUTOS-IBANEZ-LOGO-1.png\",\"contentUrl\":\"https:\/\/autosibanez.com\/wp-content\/uploads\/2023\/07\/AUTOS-IBANEZ-LOGO-1.png\",\"width\":276,\"height\":44,\"caption\":\"Autom\u00f3viles Iba\u00f1ez - Taller de coches en Madrid\"},\"image\":{\"@id\":\"https:\/\/autosibanez.com\/#\/schema\/logo\/image\/\"}}]}<\/script>\n<!-- \/ Yoast SEO plugin. -->","yoast_head_json":{"title":"Trabajos b\u00e1sicos de soldadura - Automoviles Iba\u00f1ez","robots":{"index":"index","follow":"follow","max-snippet":"max-snippet:-1","max-image-preview":"max-image-preview:large","max-video-preview":"max-video-preview:-1"},"canonical":"https:\/\/autosibanez.com\/en\/restauracion-de-clasicos\/trabajos-basicos-de-soldadura\/","og_locale":"en_GB","og_type":"article","og_title":"Trabajos b\u00e1sicos de soldadura - Automoviles Iba\u00f1ez","og_url":"https:\/\/autosibanez.com\/en\/restauracion-de-clasicos\/trabajos-basicos-de-soldadura\/","og_site_name":"Automoviles Iba\u00f1ez","article_modified_time":"2023-07-27T13:39:20+00:00","og_image":[{"width":745,"height":392,"url":"https:\/\/autosibanez.com\/wp-content\/uploads\/2023\/07\/pngwing-1.png","type":"image\/png"}],"twitter_card":"summary_large_image","twitter_misc":{"Estimated reading time":"1 minute"},"schema":{"@context":"https:\/\/schema.org","@graph":[{"@type":"WebPage","@id":"https:\/\/autosibanez.com\/restauracion-de-clasicos\/trabajos-basicos-de-soldadura\/","url":"https:\/\/autosibanez.com\/restauracion-de-clasicos\/trabajos-basicos-de-soldadura\/","name":"Trabajos b\u00e1sicos de soldadura - Automoviles Iba\u00f1ez","isPartOf":{"@id":"https:\/\/autosibanez.com\/#website"},"datePublished":"2023-07-20T14:52:57+00:00","dateModified":"2023-07-27T13:39:20+00:00","breadcrumb":{"@id":"https:\/\/autosibanez.com\/restauracion-de-clasicos\/trabajos-basicos-de-soldadura\/#breadcrumb"},"inLanguage":"en-GB","potentialAction":[{"@type":"ReadAction","target":["https:\/\/autosibanez.com\/restauracion-de-clasicos\/trabajos-basicos-de-soldadura\/"]}]},{"@type":"BreadcrumbList","@id":"https:\/\/autosibanez.com\/restauracion-de-clasicos\/trabajos-basicos-de-soldadura\/#breadcrumb","itemListElement":[{"@type":"ListItem","position":1,"name":"Portada","item":"https:\/\/autosibanez.com\/"},{"@type":"ListItem","position":2,"name":"Restauraci\u00f3n de cl\u00e1sicos","item":"https:\/\/autosibanez.com\/restauracion-de-clasicos\/"},{"@type":"ListItem","position":3,"name":"Trabajos b\u00e1sicos de soldadura"}]},{"@type":"WebSite","@id":"https:\/\/autosibanez.com\/#website","url":"https:\/\/autosibanez.com\/","name":"Autom\u00f3viles Iba\u00f1ez - Taller de coches en Madrid","description":"Autos Iba\u00f1ez Tu taller de coches de confianza en Madrid","publisher":{"@id":"https:\/\/autosibanez.com\/#organization"},"alternateName":"Autos Iba\u00f1ez - Taller de coches en Madrid","potentialAction":[{"@type":"SearchAction","target":{"@type":"EntryPoint","urlTemplate":"https:\/\/autosibanez.com\/?s={search_term_string}"},"query-input":{"@type":"PropertyValueSpecification","valueRequired":true,"valueName":"search_term_string"}}],"inLanguage":"en-GB"},{"@type":"Organization","@id":"https:\/\/autosibanez.com\/#organization","name":"Autom\u00f3viles Iba\u00f1ez - Taller de coches en Madrid","url":"https:\/\/autosibanez.com\/","logo":{"@type":"ImageObject","inLanguage":"en-GB","@id":"https:\/\/autosibanez.com\/#\/schema\/logo\/image\/","url":"https:\/\/autosibanez.com\/wp-content\/uploads\/2023\/07\/AUTOS-IBANEZ-LOGO-1.png","contentUrl":"https:\/\/autosibanez.com\/wp-content\/uploads\/2023\/07\/AUTOS-IBANEZ-LOGO-1.png","width":276,"height":44,"caption":"Autom\u00f3viles Iba\u00f1ez - Taller de coches en Madrid"},"image":{"@id":"https:\/\/autosibanez.com\/#\/schema\/logo\/image\/"}}]}},"_links":{"self":[{"href":"https:\/\/autosibanez.com\/en\/wp-json\/wp\/v2\/pages\/116","targetHints":{"allow":["GET"]}}],"collection":[{"href":"https:\/\/autosibanez.com\/en\/wp-json\/wp\/v2\/pages"}],"about":[{"href":"https:\/\/autosibanez.com\/en\/wp-json\/wp\/v2\/types\/page"}],"author":[{"embeddable":true,"href":"https:\/\/autosibanez.com\/en\/wp-json\/wp\/v2\/users\/1"}],"replies":[{"embeddable":true,"href":"https:\/\/autosibanez.com\/en\/wp-json\/wp\/v2\/comments?post=116"}],"version-history":[{"count":0,"href":"https:\/\/autosibanez.com\/en\/wp-json\/wp\/v2\/pages\/116\/revisions"}],"up":[{"embeddable":true,"href":"https:\/\/autosibanez.com\/en\/wp-json\/wp\/v2\/pages\/58"}],"wp:attachment":[{"href":"https:\/\/autosibanez.com\/en\/wp-json\/wp\/v2\/media?parent=116"}],"curies":[{"name":"wp","href":"https:\/\/api.w.org\/{rel}","templated":true}]}}