{"id":112,"date":"2023-07-20T14:52:23","date_gmt":"2023-07-20T14:52:23","guid":{"rendered":"https:\/\/autosibanez.com\/?page_id=112"},"modified":"2023-07-27T13:29:06","modified_gmt":"2023-07-27T13:29:06","slug":"restauracion-en-general","status":"publish","type":"page","link":"https:\/\/autosibanez.com\/en\/restauracion-de-clasicos\/restauracion-en-general\/","title":{"rendered":"Restoration in general"},"content":{"rendered":"<div class=\"slider-wrapper relative\" id=\"slider-426787622\" >\n    <div class=\"slider slider-nav-circle slider-nav-large slider-nav-light slider-style-normal\"\n        data-flickity-options='{            \"cellAlign\": \"center\",            \"imagesLoaded\": true,            \"lazyLoad\": 1,            \"freeScroll\": false,            \"wrapAround\": true,            \"autoPlay\": 6000,            \"pauseAutoPlayOnHover\" : true,            \"prevNextButtons\": true,            \"contain\" : true,            \"adaptiveHeight\" : true,            \"dragThreshold\" : 10,            \"percentPosition\": true,            \"pageDots\": true,            \"rightToLeft\": false,            \"draggable\": true,            \"selectedAttraction\": 0.1,            \"parallax\" : 0,            \"friction\": 0.6        }'\n        >\n        \n\n\n  <div class=\"banner has-hover\" id=\"banner-1162786693\">\n          <div class=\"banner-inner fill\">\n        <div class=\"banner-bg fill\" >\n            <div class=\"bg fill bg-fill\"><\/div>\n                                    \n                    <\/div>\n\t\t\n        <div class=\"banner-layers container\">\n            <div class=\"fill banner-link\"><\/div>            \n\n   <div id=\"text-box-191783660\" class=\"text-box banner-layer x50 md-x50 lg-x50 y50 md-y50 lg-y50 res-text\">\n                                <div class=\"text-box-content text dark\">\n              \n              <div class=\"text-inner text-center\">\n                  \n\n<h1 class=\"uppercase\"><strong>Restauraci\u00f3n General<\/strong><\/h1>\n<h3>Servicio de Restauraci\u00f3n para Autos Cl\u00e1sicos<\/h3>\n\n              <\/div>\n           <\/div>\n                            \n<style>\n#text-box-191783660 {\n  width: 75%;\n}\n#text-box-191783660 .text-box-content {\n  font-size: 100%;\n}\n<\/style>\n    <\/div>\n \n\n        <\/div>\n      <\/div>\n\n            \n<style>\n#banner-1162786693 {\n  padding-top: 300px;\n}\n#banner-1162786693 .bg.bg-loaded {\n  background-image: url(https:\/\/autosibanez.com\/wp-content\/uploads\/2023\/07\/bandera-quaddros-01-01-01-1-1024x503.png);\n}\n<\/style>\n  <\/div>\n\n\n\n     <\/div>\n\n     <div class=\"loading-spin dark large centered\"><\/div>\n\n\t<\/div>\n\n\n<div class=\"row\"  id=\"row-197407614\">\n\n\n\t<div id=\"col-38985634\" class=\"col medium-6 small-12 large-6\"  >\n\t\t\t\t<div class=\"col-inner\"  >\n\t\t\t\n\t\t\t\n\n<h2><strong>Servicio de Restauraci\u00f3n para Autos Cl\u00e1sicos &#8211; Devuelve el Esplendor de la \u00c9poca Dorada<\/strong><\/h2>\n<p>En Autos Iba\u00f1ez, te ofrecemos un servicio completo de restauraci\u00f3n para autos cl\u00e1sicos, donde preservamos y devolvemos el esplendor original de estas joyas de la \u00e9poca dorada del automovilismo. Nuestro equipo de especialistas en restauraci\u00f3n est\u00e1 apasionado por revivir la belleza y el encanto vintage de tu veh\u00edculo cl\u00e1sico. Con meticulosa atenci\u00f3n al detalle y un enfoque en la autenticidad, restauramos cada aspecto de tu auto cl\u00e1sico, desde su carrocer\u00eda hasta el interior, con resultados impresionantes que te transportar\u00e1n en el tiempo.<\/p>\n\n\t\t<\/div>\n\t\t\t\t\t<\/div>\n\n\t\n\n\t<div id=\"col-1573746688\" class=\"col medium-6 small-12 large-6\"  >\n\t\t\t\t<div class=\"col-inner\"  >\n\t\t\t\n\t\t\t\n\n\t<div class=\"img has-hover x md-x lg-x y md-y lg-y\" id=\"image_439292221\">\n\t\t\t\t\t\t\t\t<div class=\"img-inner dark\" >\n\t\t\t<img loading=\"lazy\" decoding=\"async\" width=\"1020\" height=\"680\" src=\"https:\/\/autosibanez.com\/wp-content\/uploads\/2023\/07\/pexels-mahesh-reddy-14380634-1-1024x683.jpg\" class=\"attachment-large size-large\" alt=\"\" srcset=\"https:\/\/autosibanez.com\/wp-content\/uploads\/2023\/07\/pexels-mahesh-reddy-14380634-1-1024x683.jpg 1024w, https:\/\/autosibanez.com\/wp-content\/uploads\/2023\/07\/pexels-mahesh-reddy-14380634-1-300x200.jpg 300w, https:\/\/autosibanez.com\/wp-content\/uploads\/2023\/07\/pexels-mahesh-reddy-14380634-1-768x512.jpg 768w, https:\/\/autosibanez.com\/wp-content\/uploads\/2023\/07\/pexels-mahesh-reddy-14380634-1.jpg 1200w\" sizes=\"auto, (max-width: 1020px) 100vw, 1020px\" \/>\t\t\t\t\t\t\n\t\t\t\t\t<\/div>\n\t\t\t\t\t\t\t\t\n<style>\n#image_439292221 {\n  width: 100%;\n}\n<\/style>\n\t<\/div>\n\t\n\n\n\t\t<\/div>\n\t\t\t\t\t<\/div>\n\n\t\n\n<\/div>\n<div class=\"row\"  id=\"row-752437571\">\n\n\n\t<div id=\"col-1054381655\" class=\"col medium-6 small-12 large-6\"  >\n\t\t\t\t<div class=\"col-inner\"  >\n\t\t\t\n\t\t\t\n\n\t<div class=\"img has-hover x md-x lg-x y md-y lg-y\" id=\"image_250076284\">\n\t\t\t\t\t\t\t\t<div class=\"img-inner image-cover dark\" style=\"padding-top:75%;\">\n\t\t\t<img loading=\"lazy\" decoding=\"async\" width=\"683\" height=\"1024\" src=\"https:\/\/autosibanez.com\/wp-content\/uploads\/2023\/07\/pexels-cottonbro-studio-4480465-1-683x1024.jpg\" class=\"attachment-large size-large\" alt=\"\" srcset=\"https:\/\/autosibanez.com\/wp-content\/uploads\/2023\/07\/pexels-cottonbro-studio-4480465-1-683x1024.jpg 683w, https:\/\/autosibanez.com\/wp-content\/uploads\/2023\/07\/pexels-cottonbro-studio-4480465-1-200x300.jpg 200w, https:\/\/autosibanez.com\/wp-content\/uploads\/2023\/07\/pexels-cottonbro-studio-4480465-1-768x1152.jpg 768w, https:\/\/autosibanez.com\/wp-content\/uploads\/2023\/07\/pexels-cottonbro-studio-4480465-1-1024x1536.jpg 1024w, https:\/\/autosibanez.com\/wp-content\/uploads\/2023\/07\/pexels-cottonbro-studio-4480465-1.jpg 1200w\" sizes=\"auto, (max-width: 683px) 100vw, 683px\" \/>\t\t\t\t\t\t\n\t\t\t\t\t<\/div>\n\t\t\t\t\t\t\t\t\n<style>\n#image_250076284 {\n  width: 100%;\n}\n<\/style>\n\t<\/div>\n\t\n\n\n\t\t<\/div>\n\t\t\t\t\t<\/div>\n\n\t\n\n\t<div id=\"col-30340777\" class=\"col medium-6 small-12 large-6\"  >\n\t\t\t\t<div class=\"col-inner\"  >\n\t\t\t\n\t\t\t\n\n<h2>Devuelve la Gloria Pasada &#8211; Restauraci\u00f3n Profesional de Autos Cl\u00e1sicos<\/h2>\n<p>\u00bfPosees un auto cl\u00e1sico con una historia \u00fanica que merece ser revivida? En Autos Iba\u00f1ez, somos expertos en restauraci\u00f3n de autos cl\u00e1sicos y estamos listos para darle nueva vida a tu preciado tesoro. Nuestro servicio de restauraci\u00f3n abarca desde la renovaci\u00f3n de la pintura y la chapa hasta la reparaci\u00f3n y reemplazo de piezas originales para que tu coche luzca como reci\u00e9n salido de f\u00e1brica. Con una pasi\u00f3n por la excelencia y un profundo respeto por la autenticidad, nuestro equipo de especialistas se asegurar\u00e1 de que cada detalle de tu auto cl\u00e1sico sea restaurado con precisi\u00f3n y amor. Conf\u00eda en nosotros para devolver la gloria pasada a tu auto cl\u00e1sico y conservar su legado para las generaciones futuras.<\/p>\n\n\t\t<\/div>\n\t\t\t\t\t<\/div>\n\n\t\n\n<\/div>\n\t<div id=\"gap-242356890\" class=\"gap-element clearfix\" style=\"display:block; height:auto;\">\n\t\t\n<style>\n#gap-242356890 {\n  padding-top: 30px;\n}\n<\/style>\n\t<\/div>","protected":false},"excerpt":{"rendered":"","protected":false},"author":1,"featured_media":0,"parent":58,"menu_order":0,"comment_status":"closed","ping_status":"closed","template":"page-blank.php","meta":{"footnotes":""},"class_list":["post-112","page","type-page","status-publish","hentry"],"yoast_head":"<!-- This site is optimized with the Yoast SEO plugin v25.7 - https:\/\/yoast.com\/wordpress\/plugins\/seo\/ -->\n<title>Restauraci\u00f3n en general - Automoviles Iba\u00f1ez<\/title>\n<meta name=\"robots\" content=\"index, follow, max-snippet:-1, max-image-preview:large, max-video-preview:-1\" \/>\n<link rel=\"canonical\" href=\"https:\/\/autosibanez.com\/en\/restauracion-de-clasicos\/restauracion-en-general\/\" \/>\n<meta property=\"og:locale\" content=\"en_GB\" \/>\n<meta property=\"og:type\" content=\"article\" \/>\n<meta property=\"og:title\" content=\"Restauraci\u00f3n en general - Automoviles Iba\u00f1ez\" \/>\n<meta property=\"og:url\" content=\"https:\/\/autosibanez.com\/en\/restauracion-de-clasicos\/restauracion-en-general\/\" \/>\n<meta property=\"og:site_name\" content=\"Automoviles Iba\u00f1ez\" \/>\n<meta property=\"article:modified_time\" content=\"2023-07-27T13:29:06+00:00\" \/>\n<meta property=\"og:image\" content=\"https:\/\/autosibanez.com\/wp-content\/uploads\/2023\/07\/pngwing-1.png\" \/>\n\t<meta property=\"og:image:width\" content=\"745\" \/>\n\t<meta property=\"og:image:height\" content=\"392\" \/>\n\t<meta property=\"og:image:type\" content=\"image\/png\" \/>\n<meta name=\"twitter:card\" content=\"summary_large_image\" \/>\n<meta name=\"twitter:label1\" content=\"Estimated reading time\" \/>\n\t<meta name=\"twitter:data1\" content=\"2 minutes\" \/>\n<script type=\"application\/ld+json\" class=\"yoast-schema-graph\">{\"@context\":\"https:\/\/schema.org\",\"@graph\":[{\"@type\":\"WebPage\",\"@id\":\"https:\/\/autosibanez.com\/restauracion-de-clasicos\/restauracion-en-general\/\",\"url\":\"https:\/\/autosibanez.com\/restauracion-de-clasicos\/restauracion-en-general\/\",\"name\":\"Restauraci\u00f3n en general - Automoviles Iba\u00f1ez\",\"isPartOf\":{\"@id\":\"https:\/\/autosibanez.com\/#website\"},\"datePublished\":\"2023-07-20T14:52:23+00:00\",\"dateModified\":\"2023-07-27T13:29:06+00:00\",\"breadcrumb\":{\"@id\":\"https:\/\/autosibanez.com\/restauracion-de-clasicos\/restauracion-en-general\/#breadcrumb\"},\"inLanguage\":\"en-GB\",\"potentialAction\":[{\"@type\":\"ReadAction\",\"target\":[\"https:\/\/autosibanez.com\/restauracion-de-clasicos\/restauracion-en-general\/\"]}]},{\"@type\":\"BreadcrumbList\",\"@id\":\"https:\/\/autosibanez.com\/restauracion-de-clasicos\/restauracion-en-general\/#breadcrumb\",\"itemListElement\":[{\"@type\":\"ListItem\",\"position\":1,\"name\":\"Portada\",\"item\":\"https:\/\/autosibanez.com\/\"},{\"@type\":\"ListItem\",\"position\":2,\"name\":\"Restauraci\u00f3n de cl\u00e1sicos\",\"item\":\"https:\/\/autosibanez.com\/restauracion-de-clasicos\/\"},{\"@type\":\"ListItem\",\"position\":3,\"name\":\"Restauraci\u00f3n en general\"}]},{\"@type\":\"WebSite\",\"@id\":\"https:\/\/autosibanez.com\/#website\",\"url\":\"https:\/\/autosibanez.com\/\",\"name\":\"Autom\u00f3viles Iba\u00f1ez - Taller de coches en Madrid\",\"description\":\"Autos Iba\u00f1ez Tu taller de coches de confianza en Madrid\",\"publisher\":{\"@id\":\"https:\/\/autosibanez.com\/#organization\"},\"alternateName\":\"Autos Iba\u00f1ez - Taller de coches en Madrid\",\"potentialAction\":[{\"@type\":\"SearchAction\",\"target\":{\"@type\":\"EntryPoint\",\"urlTemplate\":\"https:\/\/autosibanez.com\/?s={search_term_string}\"},\"query-input\":{\"@type\":\"PropertyValueSpecification\",\"valueRequired\":true,\"valueName\":\"search_term_string\"}}],\"inLanguage\":\"en-GB\"},{\"@type\":\"Organization\",\"@id\":\"https:\/\/autosibanez.com\/#organization\",\"name\":\"Autom\u00f3viles Iba\u00f1ez - Taller de coches en Madrid\",\"url\":\"https:\/\/autosibanez.com\/\",\"logo\":{\"@type\":\"ImageObject\",\"inLanguage\":\"en-GB\",\"@id\":\"https:\/\/autosibanez.com\/#\/schema\/logo\/image\/\",\"url\":\"https:\/\/autosibanez.com\/wp-content\/uploads\/2023\/07\/AUTOS-IBANEZ-LOGO-1.png\",\"contentUrl\":\"https:\/\/autosibanez.com\/wp-content\/uploads\/2023\/07\/AUTOS-IBANEZ-LOGO-1.png\",\"width\":276,\"height\":44,\"caption\":\"Autom\u00f3viles Iba\u00f1ez - Taller de coches en Madrid\"},\"image\":{\"@id\":\"https:\/\/autosibanez.com\/#\/schema\/logo\/image\/\"}}]}<\/script>\n<!-- \/ Yoast SEO plugin. -->","yoast_head_json":{"title":"Restauraci\u00f3n en general - Automoviles Iba\u00f1ez","robots":{"index":"index","follow":"follow","max-snippet":"max-snippet:-1","max-image-preview":"max-image-preview:large","max-video-preview":"max-video-preview:-1"},"canonical":"https:\/\/autosibanez.com\/en\/restauracion-de-clasicos\/restauracion-en-general\/","og_locale":"en_GB","og_type":"article","og_title":"Restauraci\u00f3n en general - Automoviles Iba\u00f1ez","og_url":"https:\/\/autosibanez.com\/en\/restauracion-de-clasicos\/restauracion-en-general\/","og_site_name":"Automoviles Iba\u00f1ez","article_modified_time":"2023-07-27T13:29:06+00:00","og_image":[{"width":745,"height":392,"url":"https:\/\/autosibanez.com\/wp-content\/uploads\/2023\/07\/pngwing-1.png","type":"image\/png"}],"twitter_card":"summary_large_image","twitter_misc":{"Estimated reading time":"2 minutes"},"schema":{"@context":"https:\/\/schema.org","@graph":[{"@type":"WebPage","@id":"https:\/\/autosibanez.com\/restauracion-de-clasicos\/restauracion-en-general\/","url":"https:\/\/autosibanez.com\/restauracion-de-clasicos\/restauracion-en-general\/","name":"Restauraci\u00f3n en general - Automoviles Iba\u00f1ez","isPartOf":{"@id":"https:\/\/autosibanez.com\/#website"},"datePublished":"2023-07-20T14:52:23+00:00","dateModified":"2023-07-27T13:29:06+00:00","breadcrumb":{"@id":"https:\/\/autosibanez.com\/restauracion-de-clasicos\/restauracion-en-general\/#breadcrumb"},"inLanguage":"en-GB","potentialAction":[{"@type":"ReadAction","target":["https:\/\/autosibanez.com\/restauracion-de-clasicos\/restauracion-en-general\/"]}]},{"@type":"BreadcrumbList","@id":"https:\/\/autosibanez.com\/restauracion-de-clasicos\/restauracion-en-general\/#breadcrumb","itemListElement":[{"@type":"ListItem","position":1,"name":"Portada","item":"https:\/\/autosibanez.com\/"},{"@type":"ListItem","position":2,"name":"Restauraci\u00f3n de cl\u00e1sicos","item":"https:\/\/autosibanez.com\/restauracion-de-clasicos\/"},{"@type":"ListItem","position":3,"name":"Restauraci\u00f3n en general"}]},{"@type":"WebSite","@id":"https:\/\/autosibanez.com\/#website","url":"https:\/\/autosibanez.com\/","name":"Autom\u00f3viles Iba\u00f1ez - Taller de coches en Madrid","description":"Autos Iba\u00f1ez Tu taller de coches de confianza en Madrid","publisher":{"@id":"https:\/\/autosibanez.com\/#organization"},"alternateName":"Autos Iba\u00f1ez - Taller de coches en Madrid","potentialAction":[{"@type":"SearchAction","target":{"@type":"EntryPoint","urlTemplate":"https:\/\/autosibanez.com\/?s={search_term_string}"},"query-input":{"@type":"PropertyValueSpecification","valueRequired":true,"valueName":"search_term_string"}}],"inLanguage":"en-GB"},{"@type":"Organization","@id":"https:\/\/autosibanez.com\/#organization","name":"Autom\u00f3viles Iba\u00f1ez - Taller de coches en Madrid","url":"https:\/\/autosibanez.com\/","logo":{"@type":"ImageObject","inLanguage":"en-GB","@id":"https:\/\/autosibanez.com\/#\/schema\/logo\/image\/","url":"https:\/\/autosibanez.com\/wp-content\/uploads\/2023\/07\/AUTOS-IBANEZ-LOGO-1.png","contentUrl":"https:\/\/autosibanez.com\/wp-content\/uploads\/2023\/07\/AUTOS-IBANEZ-LOGO-1.png","width":276,"height":44,"caption":"Autom\u00f3viles Iba\u00f1ez - Taller de coches en Madrid"},"image":{"@id":"https:\/\/autosibanez.com\/#\/schema\/logo\/image\/"}}]}},"_links":{"self":[{"href":"https:\/\/autosibanez.com\/en\/wp-json\/wp\/v2\/pages\/112","targetHints":{"allow":["GET"]}}],"collection":[{"href":"https:\/\/autosibanez.com\/en\/wp-json\/wp\/v2\/pages"}],"about":[{"href":"https:\/\/autosibanez.com\/en\/wp-json\/wp\/v2\/types\/page"}],"author":[{"embeddable":true,"href":"https:\/\/autosibanez.com\/en\/wp-json\/wp\/v2\/users\/1"}],"replies":[{"embeddable":true,"href":"https:\/\/autosibanez.com\/en\/wp-json\/wp\/v2\/comments?post=112"}],"version-history":[{"count":0,"href":"https:\/\/autosibanez.com\/en\/wp-json\/wp\/v2\/pages\/112\/revisions"}],"up":[{"embeddable":true,"href":"https:\/\/autosibanez.com\/en\/wp-json\/wp\/v2\/pages\/58"}],"wp:attachment":[{"href":"https:\/\/autosibanez.com\/en\/wp-json\/wp\/v2\/media?parent=112"}],"curies":[{"name":"wp","href":"https:\/\/api.w.org\/{rel}","templated":true}]}}