{"id":104,"date":"2023-07-20T14:50:40","date_gmt":"2023-07-20T14:50:40","guid":{"rendered":"https:\/\/autosibanez.com\/?page_id=104"},"modified":"2023-07-27T13:16:55","modified_gmt":"2023-07-27T13:16:55","slug":"suspension","status":"publish","type":"page","link":"https:\/\/autosibanez.com\/en\/mecanica-general\/suspension\/","title":{"rendered":"Suspension"},"content":{"rendered":"<div class=\"slider-wrapper relative\" id=\"slider-989168514\" >\n    <div class=\"slider slider-nav-circle slider-nav-large slider-nav-light slider-style-normal\"\n        data-flickity-options='{            \"cellAlign\": \"center\",            \"imagesLoaded\": true,            \"lazyLoad\": 1,            \"freeScroll\": false,            \"wrapAround\": true,            \"autoPlay\": 6000,            \"pauseAutoPlayOnHover\" : true,            \"prevNextButtons\": true,            \"contain\" : true,            \"adaptiveHeight\" : true,            \"dragThreshold\" : 10,            \"percentPosition\": true,            \"pageDots\": true,            \"rightToLeft\": false,            \"draggable\": true,            \"selectedAttraction\": 0.1,            \"parallax\" : 0,            \"friction\": 0.6        }'\n        >\n        \n\n\n  <div class=\"banner has-hover\" id=\"banner-1106735461\">\n          <div class=\"banner-inner fill\">\n        <div class=\"banner-bg fill\" >\n            <div class=\"bg fill bg-fill\"><\/div>\n                                    \n                    <\/div>\n\t\t\n        <div class=\"banner-layers container\">\n            <div class=\"fill banner-link\"><\/div>            \n\n   <div id=\"text-box-691260510\" class=\"text-box banner-layer x50 md-x50 lg-x50 y50 md-y50 lg-y50 res-text\">\n                                <div class=\"text-box-content text dark\">\n              \n              <div class=\"text-inner text-center\">\n                  \n\n<h1 class=\"uppercase\"><strong>SUSPENSI\u00d3N<\/strong><\/h1>\n<h3><strong>Conduce con Comodidad y Estabilidad<\/strong><\/h3>\n\n              <\/div>\n           <\/div>\n                            \n<style>\n#text-box-691260510 {\n  width: 75%;\n}\n#text-box-691260510 .text-box-content {\n  font-size: 100%;\n}\n<\/style>\n    <\/div>\n \n\n        <\/div>\n      <\/div>\n\n            \n<style>\n#banner-1106735461 {\n  padding-top: 300px;\n}\n#banner-1106735461 .bg.bg-loaded {\n  background-image: url(https:\/\/autosibanez.com\/wp-content\/uploads\/2023\/07\/bandera-quaddros-01-01-01-1-1024x503.png);\n}\n<\/style>\n  <\/div>\n\n\n\n     <\/div>\n\n     <div class=\"loading-spin dark large centered\"><\/div>\n\n\t<\/div>\n\n\n<div class=\"row\"  id=\"row-1385876274\">\n\n\n\t<div id=\"col-1449874519\" class=\"col medium-6 small-12 large-6\"  >\n\t\t\t\t<div class=\"col-inner\"  >\n\t\t\t\n\t\t\t\n\n<h2><strong>Servicio de Suspensi\u00f3n en Madrid &#8211; Conduce con Comodidad y Estabilidad<\/strong><\/h2>\n<p>En Autos Iba\u00f1ez, te ofrecemos un servicio especializado de suspensi\u00f3n en Madrid para garantizar un viaje suave y seguro en tu veh\u00edculo. Nuestro equipo de especialistas en suspensi\u00f3n se encargar\u00e1 de revisar y reparar cualquier problema en el sistema de suspensi\u00f3n, asegurando una conducci\u00f3n c\u00f3moda y estable. Conf\u00eda en nosotros para mantener tu coche en \u00f3ptimas condiciones y disfrutar de un viaje sin preocupaciones.<\/p>\n<h2><strong>Experiencia en Suspensi\u00f3n &#8211; Soluciones Profesionales para tu Coche<\/strong><\/h2>\n<p>\u00bfNotas que tu coche presenta irregularidades en la conducci\u00f3n? En Autos Iba\u00f1ez, somos expertos en suspensi\u00f3n y estamos preparados para brindarte soluciones profesionales. Nuestro servicio de suspensi\u00f3n utiliza tecnolog\u00eda avanzada y t\u00e9cnicas precisas para diagnosticar y resolver cualquier problema, garantizando una conducci\u00f3n m\u00e1s suave y segura. Recupera la comodidad y estabilidad en tu conducci\u00f3n con nuestro servicio experto de suspensi\u00f3n y experimenta la diferencia en cada viaje.<\/p>\n\n\t\t<\/div>\n\t\t\t\t\t<\/div>\n\n\t\n\n\t<div id=\"col-1555466254\" class=\"col medium-6 small-12 large-6\"  >\n\t\t\t\t<div class=\"col-inner\"  >\n\t\t\t\n\t\t\t\n\n\t<div class=\"img has-hover x md-x lg-x y md-y lg-y\" id=\"image_1152967877\">\n\t\t\t\t\t\t\t\t<div class=\"img-inner image-cover dark\" style=\"padding-top:100%;\">\n\t\t\t<img loading=\"lazy\" decoding=\"async\" width=\"768\" height=\"1024\" src=\"https:\/\/autosibanez.com\/wp-content\/uploads\/2023\/07\/suspension-768x1024.jpg\" class=\"attachment-large size-large\" alt=\"\" srcset=\"https:\/\/autosibanez.com\/wp-content\/uploads\/2023\/07\/suspension-768x1024.jpg 768w, https:\/\/autosibanez.com\/wp-content\/uploads\/2023\/07\/suspension-225x300.jpg 225w, https:\/\/autosibanez.com\/wp-content\/uploads\/2023\/07\/suspension-1152x1536.jpg 1152w, https:\/\/autosibanez.com\/wp-content\/uploads\/2023\/07\/suspension-1536x2048.jpg 1536w, https:\/\/autosibanez.com\/wp-content\/uploads\/2023\/07\/suspension-scaled.jpg 1920w\" sizes=\"auto, (max-width: 768px) 100vw, 768px\" \/>\t\t\t\t\t\t\n\t\t\t\t\t<\/div>\n\t\t\t\t\t\t\t\t\n<style>\n#image_1152967877 {\n  width: 100%;\n}\n<\/style>\n\t<\/div>\n\t\n\n\n\t\t<\/div>\n\t\t\t\t\t<\/div>\n\n\t\n\n<\/div>\n\t<div id=\"gap-741053101\" class=\"gap-element clearfix\" style=\"display:block; height:auto;\">\n\t\t\n<style>\n#gap-741053101 {\n  padding-top: 30px;\n}\n<\/style>\n\t<\/div>","protected":false},"excerpt":{"rendered":"","protected":false},"author":1,"featured_media":0,"parent":56,"menu_order":0,"comment_status":"closed","ping_status":"closed","template":"page-blank.php","meta":{"footnotes":""},"class_list":["post-104","page","type-page","status-publish","hentry"],"yoast_head":"<!-- This site is optimized with the Yoast SEO plugin v25.7 - https:\/\/yoast.com\/wordpress\/plugins\/seo\/ -->\n<title>Suspensi\u00f3n - Automoviles Iba\u00f1ez<\/title>\n<meta name=\"robots\" content=\"index, follow, max-snippet:-1, max-image-preview:large, max-video-preview:-1\" \/>\n<link rel=\"canonical\" href=\"https:\/\/autosibanez.com\/en\/mecanica-general\/suspension\/\" \/>\n<meta property=\"og:locale\" content=\"en_GB\" \/>\n<meta property=\"og:type\" content=\"article\" \/>\n<meta property=\"og:title\" content=\"Suspensi\u00f3n - Automoviles Iba\u00f1ez\" \/>\n<meta property=\"og:url\" content=\"https:\/\/autosibanez.com\/en\/mecanica-general\/suspension\/\" \/>\n<meta property=\"og:site_name\" content=\"Automoviles Iba\u00f1ez\" \/>\n<meta property=\"article:modified_time\" content=\"2023-07-27T13:16:55+00:00\" \/>\n<meta property=\"og:image\" content=\"https:\/\/autosibanez.com\/wp-content\/uploads\/2023\/07\/pngwing-1.png\" \/>\n\t<meta property=\"og:image:width\" content=\"745\" \/>\n\t<meta property=\"og:image:height\" content=\"392\" \/>\n\t<meta property=\"og:image:type\" content=\"image\/png\" \/>\n<meta name=\"twitter:card\" content=\"summary_large_image\" \/>\n<meta name=\"twitter:label1\" content=\"Estimated reading time\" \/>\n\t<meta name=\"twitter:data1\" content=\"1 minute\" \/>\n<script type=\"application\/ld+json\" class=\"yoast-schema-graph\">{\"@context\":\"https:\/\/schema.org\",\"@graph\":[{\"@type\":\"WebPage\",\"@id\":\"https:\/\/autosibanez.com\/mecanica-general\/suspension\/\",\"url\":\"https:\/\/autosibanez.com\/mecanica-general\/suspension\/\",\"name\":\"Suspensi\u00f3n - Automoviles Iba\u00f1ez\",\"isPartOf\":{\"@id\":\"https:\/\/autosibanez.com\/#website\"},\"datePublished\":\"2023-07-20T14:50:40+00:00\",\"dateModified\":\"2023-07-27T13:16:55+00:00\",\"breadcrumb\":{\"@id\":\"https:\/\/autosibanez.com\/mecanica-general\/suspension\/#breadcrumb\"},\"inLanguage\":\"en-GB\",\"potentialAction\":[{\"@type\":\"ReadAction\",\"target\":[\"https:\/\/autosibanez.com\/mecanica-general\/suspension\/\"]}]},{\"@type\":\"BreadcrumbList\",\"@id\":\"https:\/\/autosibanez.com\/mecanica-general\/suspension\/#breadcrumb\",\"itemListElement\":[{\"@type\":\"ListItem\",\"position\":1,\"name\":\"Portada\",\"item\":\"https:\/\/autosibanez.com\/\"},{\"@type\":\"ListItem\",\"position\":2,\"name\":\"Mec\u00e1nica general\",\"item\":\"https:\/\/autosibanez.com\/mecanica-general\/\"},{\"@type\":\"ListItem\",\"position\":3,\"name\":\"Suspensi\u00f3n\"}]},{\"@type\":\"WebSite\",\"@id\":\"https:\/\/autosibanez.com\/#website\",\"url\":\"https:\/\/autosibanez.com\/\",\"name\":\"Autom\u00f3viles Iba\u00f1ez - Taller de coches en Madrid\",\"description\":\"Autos Iba\u00f1ez Tu taller de coches de confianza en Madrid\",\"publisher\":{\"@id\":\"https:\/\/autosibanez.com\/#organization\"},\"alternateName\":\"Autos Iba\u00f1ez - Taller de coches en Madrid\",\"potentialAction\":[{\"@type\":\"SearchAction\",\"target\":{\"@type\":\"EntryPoint\",\"urlTemplate\":\"https:\/\/autosibanez.com\/?s={search_term_string}\"},\"query-input\":{\"@type\":\"PropertyValueSpecification\",\"valueRequired\":true,\"valueName\":\"search_term_string\"}}],\"inLanguage\":\"en-GB\"},{\"@type\":\"Organization\",\"@id\":\"https:\/\/autosibanez.com\/#organization\",\"name\":\"Autom\u00f3viles Iba\u00f1ez - Taller de coches en Madrid\",\"url\":\"https:\/\/autosibanez.com\/\",\"logo\":{\"@type\":\"ImageObject\",\"inLanguage\":\"en-GB\",\"@id\":\"https:\/\/autosibanez.com\/#\/schema\/logo\/image\/\",\"url\":\"https:\/\/autosibanez.com\/wp-content\/uploads\/2023\/07\/AUTOS-IBANEZ-LOGO-1.png\",\"contentUrl\":\"https:\/\/autosibanez.com\/wp-content\/uploads\/2023\/07\/AUTOS-IBANEZ-LOGO-1.png\",\"width\":276,\"height\":44,\"caption\":\"Autom\u00f3viles Iba\u00f1ez - Taller de coches en Madrid\"},\"image\":{\"@id\":\"https:\/\/autosibanez.com\/#\/schema\/logo\/image\/\"}}]}<\/script>\n<!-- \/ Yoast SEO plugin. -->","yoast_head_json":{"title":"Suspensi\u00f3n - Automoviles Iba\u00f1ez","robots":{"index":"index","follow":"follow","max-snippet":"max-snippet:-1","max-image-preview":"max-image-preview:large","max-video-preview":"max-video-preview:-1"},"canonical":"https:\/\/autosibanez.com\/en\/mecanica-general\/suspension\/","og_locale":"en_GB","og_type":"article","og_title":"Suspensi\u00f3n - Automoviles Iba\u00f1ez","og_url":"https:\/\/autosibanez.com\/en\/mecanica-general\/suspension\/","og_site_name":"Automoviles Iba\u00f1ez","article_modified_time":"2023-07-27T13:16:55+00:00","og_image":[{"width":745,"height":392,"url":"https:\/\/autosibanez.com\/wp-content\/uploads\/2023\/07\/pngwing-1.png","type":"image\/png"}],"twitter_card":"summary_large_image","twitter_misc":{"Estimated reading time":"1 minute"},"schema":{"@context":"https:\/\/schema.org","@graph":[{"@type":"WebPage","@id":"https:\/\/autosibanez.com\/mecanica-general\/suspension\/","url":"https:\/\/autosibanez.com\/mecanica-general\/suspension\/","name":"Suspensi\u00f3n - Automoviles Iba\u00f1ez","isPartOf":{"@id":"https:\/\/autosibanez.com\/#website"},"datePublished":"2023-07-20T14:50:40+00:00","dateModified":"2023-07-27T13:16:55+00:00","breadcrumb":{"@id":"https:\/\/autosibanez.com\/mecanica-general\/suspension\/#breadcrumb"},"inLanguage":"en-GB","potentialAction":[{"@type":"ReadAction","target":["https:\/\/autosibanez.com\/mecanica-general\/suspension\/"]}]},{"@type":"BreadcrumbList","@id":"https:\/\/autosibanez.com\/mecanica-general\/suspension\/#breadcrumb","itemListElement":[{"@type":"ListItem","position":1,"name":"Portada","item":"https:\/\/autosibanez.com\/"},{"@type":"ListItem","position":2,"name":"Mec\u00e1nica general","item":"https:\/\/autosibanez.com\/mecanica-general\/"},{"@type":"ListItem","position":3,"name":"Suspensi\u00f3n"}]},{"@type":"WebSite","@id":"https:\/\/autosibanez.com\/#website","url":"https:\/\/autosibanez.com\/","name":"Autom\u00f3viles Iba\u00f1ez - Taller de coches en Madrid","description":"Autos Iba\u00f1ez Tu taller de coches de confianza en Madrid","publisher":{"@id":"https:\/\/autosibanez.com\/#organization"},"alternateName":"Autos Iba\u00f1ez - Taller de coches en Madrid","potentialAction":[{"@type":"SearchAction","target":{"@type":"EntryPoint","urlTemplate":"https:\/\/autosibanez.com\/?s={search_term_string}"},"query-input":{"@type":"PropertyValueSpecification","valueRequired":true,"valueName":"search_term_string"}}],"inLanguage":"en-GB"},{"@type":"Organization","@id":"https:\/\/autosibanez.com\/#organization","name":"Autom\u00f3viles Iba\u00f1ez - Taller de coches en Madrid","url":"https:\/\/autosibanez.com\/","logo":{"@type":"ImageObject","inLanguage":"en-GB","@id":"https:\/\/autosibanez.com\/#\/schema\/logo\/image\/","url":"https:\/\/autosibanez.com\/wp-content\/uploads\/2023\/07\/AUTOS-IBANEZ-LOGO-1.png","contentUrl":"https:\/\/autosibanez.com\/wp-content\/uploads\/2023\/07\/AUTOS-IBANEZ-LOGO-1.png","width":276,"height":44,"caption":"Autom\u00f3viles Iba\u00f1ez - Taller de coches en Madrid"},"image":{"@id":"https:\/\/autosibanez.com\/#\/schema\/logo\/image\/"}}]}},"_links":{"self":[{"href":"https:\/\/autosibanez.com\/en\/wp-json\/wp\/v2\/pages\/104","targetHints":{"allow":["GET"]}}],"collection":[{"href":"https:\/\/autosibanez.com\/en\/wp-json\/wp\/v2\/pages"}],"about":[{"href":"https:\/\/autosibanez.com\/en\/wp-json\/wp\/v2\/types\/page"}],"author":[{"embeddable":true,"href":"https:\/\/autosibanez.com\/en\/wp-json\/wp\/v2\/users\/1"}],"replies":[{"embeddable":true,"href":"https:\/\/autosibanez.com\/en\/wp-json\/wp\/v2\/comments?post=104"}],"version-history":[{"count":0,"href":"https:\/\/autosibanez.com\/en\/wp-json\/wp\/v2\/pages\/104\/revisions"}],"up":[{"embeddable":true,"href":"https:\/\/autosibanez.com\/en\/wp-json\/wp\/v2\/pages\/56"}],"wp:attachment":[{"href":"https:\/\/autosibanez.com\/en\/wp-json\/wp\/v2\/media?parent=104"}],"curies":[{"name":"wp","href":"https:\/\/api.w.org\/{rel}","templated":true}]}}